{"id":27,"date":"2023-08-24T04:52:06","date_gmt":"2023-08-24T04:52:06","guid":{"rendered":"https:\/\/mirmar.waw.pl\/?page_id=27"},"modified":"2023-11-16T11:51:59","modified_gmt":"2023-11-16T11:51:59","slug":"o-firmie","status":"publish","type":"page","link":"https:\/\/mirmar.waw.pl\/o-firmie\/","title":{"rendered":"O firmie"},"content":{"rendered":"\n<div class=\"wp-block-uagb-container uagb-block-f2616c18 alignfull uagb-is-root-container\">\n<div class=\"wp-block-uagb-container uagb-block-1d6684ee default uagb-is-root-container\">\n<div class=\"wp-block-uagb-advanced-heading uagb-block-b232dc29\"><h2 class=\"uagb-heading-text\">Jeste\u015bmy w dobrym miejscu<br>w\u015br\u00f3d dobrych ludzi<\/h2><\/div>\n\n\n\n<div class=\"wp-block-uagb-advanced-heading uagb-block-8d9e6947\"><p class=\"uagb-heading-text\">Nasza do\u015bwiadczona za\u0142oga oraz nowoczesny park maszynowy stanowi\u0105 fundamenty, na kt\u00f3rych budujemy gwarancj\u0119 najwy\u017cszej jako\u015bci produkt\u00f3w dostarczanych terminowo. Dzi\u0119ki temu podej\u015bciu zdobywamy zaufanie producent\u00f3w tekstyli\u00f3w, agencji reklamowych i klient\u00f3w z Polski i zagranicy.<\/p><\/div>\n<\/div>\n\n\n\n<div class=\"wp-block-uagb-container uagb-block-ca0d0449 default uagb-is-root-container\"><\/div>\n<\/div>\n\n\n\n<div class=\"wp-block-uagb-container uagb-block-34ab22f3 alignfull uagb-is-root-container\"><div class=\"uagb-container-inner-blocks-wrap\">\n<div class=\"wp-block-uagb-container uagb-block-9dcd819e default uagb-is-root-container\">\n<div class=\"wp-block-uagb-advanced-heading uagb-block-6cda8bcf\"><h2 class=\"uagb-heading-text\">Kim jeste\u015bmy<\/h2><\/div>\n<\/div>\n\n\n\n<div class=\"wp-block-uagb-container uagb-block-3c9b4c2d alignfull uagb-is-root-container\"><div class=\"uagb-container-inner-blocks-wrap\">\n<p>Firma&nbsp;Mirmar&nbsp;istnieje od 1997 roku. Jeste\u015bmy nowoczesnym przedsi\u0119biorstwem specjalizuj\u0105cym si\u0119 w sprzeda\u017cy odzie\u017cy reklamowej, nadrukach i haftach na odzie\u017cy oraz produkcji&nbsp;nadruk\u00f3w DTF i termotransfer\u00f3w&nbsp;sitodrukowych. Z naszych us\u0142ug korzystaj\u0105 producenci tekstyli\u00f3w, agencje reklamowe oraz odbiorcy z Polski i zagranicy. Do\u015bwiadczona za\u0142oga i nowoczesny park maszynowy, jakim dysponujemy to dla naszych klient\u00f3w gwarancja otrzymania produktu najwy\u017cszej jako\u015bci w ustalonym terminie.<\/p>\n\n\n\n<p>Staramy si\u0119 wyj\u015b\u0107 naprzeciw oczekiwaniom naszych klient\u00f3w i przy ka\u017cdym zleceniu s\u0142u\u017cymy pomoc\u0105. Z ch\u0119ci\u0105 dzielimy si\u0119 nasz\u0105 wiedz\u0105 z zakresu druku na tekstyliach oraz jego poszczeg\u00f3lnych technik. Oferujemy fachow\u0105 obs\u0142ug\u0119 i porady przy realizacji zam\u00f3wienia.<\/p>\n\n\n\n<p>Wiemy, jak wa\u017cne jest zadowolenie naszego klienta, dlatego dok\u0142adamy wszelkich stara\u0144, aby sprosta\u0107 jego oczekiwaniom. G\u0142\u0119boko wierzymy, \u017ce takie podej\u015bcie przyczyni si\u0119 do powstania nowej, wieloletniej i owocnej wsp\u00f3\u0142pracy.<\/p>\n<\/div><\/div>\n<\/div><\/div>\n\n\n\n<div id=\"categories\" class=\"wp-block-uagb-container uagb-block-25ec0871 alignfull uagb-is-root-container\"><div class=\"uagb-container-inner-blocks-wrap\">\n<div class=\"wp-block-uagb-advanced-heading uagb-block-ed06ed92 uag-blocks-common-selector\" style=\"--z-index-desktop:3;;--z-index-tablet:undefined;;--z-index-mobile:undefined;\"><h2 class=\"uagb-heading-text\">Kategorie produkt\u00f3w<\/h2><\/div>\n\n\n    <div class=\"category-grid\">\n                        <a class=\"category-link\" href=\"https:\/\/mirmar.waw.pl\/produkty\/?type=koszulki\">\n                    <div class=\"category-wrap\">\n                                                    <img decoding=\"async\" class=\"category-image\" src=\"https:\/\/mirmar.waw.pl\/wp-content\/uploads\/2023\/10\/koszulki.svg\" alt=\"Koszulki\">\n                                                <h4 class=\"category-title\">Koszulki<\/h4>\n\n                    <\/div>\n                <\/a>\n                        <a class=\"category-link\" href=\"https:\/\/mirmar.waw.pl\/produkty\/?type=polo\">\n                    <div class=\"category-wrap\">\n                                                    <img decoding=\"async\" class=\"category-image\" src=\"https:\/\/mirmar.waw.pl\/wp-content\/uploads\/2023\/10\/polo.svg\" alt=\"Polo\">\n                                                <h4 class=\"category-title\">Polo<\/h4>\n\n                    <\/div>\n                <\/a>\n                        <a class=\"category-link\" href=\"https:\/\/mirmar.waw.pl\/produkty\/?type=3_bluzy\">\n                    <div class=\"category-wrap\">\n                                                    <img decoding=\"async\" class=\"category-image\" src=\"https:\/\/mirmar.waw.pl\/wp-content\/uploads\/2023\/10\/bluza.svg\" alt=\"Bluzy\">\n                                                <h4 class=\"category-title\">Bluzy<\/h4>\n\n                    <\/div>\n                <\/a>\n                        <a class=\"category-link\" href=\"https:\/\/mirmar.waw.pl\/produkty\/?type=polary\">\n                    <div class=\"category-wrap\">\n                                                    <img decoding=\"async\" class=\"category-image\" src=\"https:\/\/mirmar.waw.pl\/wp-content\/uploads\/2023\/10\/polar.svg\" alt=\"Polary\">\n                                                <h4 class=\"category-title\">Polary<\/h4>\n\n                    <\/div>\n                <\/a>\n                        <a class=\"category-link\" href=\"https:\/\/mirmar.waw.pl\/produkty\/?type=5_koszule\">\n                    <div class=\"category-wrap\">\n                                                    <img decoding=\"async\" class=\"category-image\" src=\"https:\/\/mirmar.waw.pl\/wp-content\/uploads\/2023\/10\/koszule.svg\" alt=\"Koszule\">\n                                                <h4 class=\"category-title\">Koszule<\/h4>\n\n                    <\/div>\n                <\/a>\n                        <a class=\"category-link\" href=\"https:\/\/mirmar.waw.pl\/produkty\/?type=kurtki\">\n                    <div class=\"category-wrap\">\n                                                    <img decoding=\"async\" class=\"category-image\" src=\"https:\/\/mirmar.waw.pl\/wp-content\/uploads\/2023\/10\/kurtki.svg\" alt=\"Kurtki\">\n                                                <h4 class=\"category-title\">Kurtki<\/h4>\n\n                    <\/div>\n                <\/a>\n                        <a class=\"category-link\" href=\"https:\/\/mirmar.waw.pl\/produkty\/?type=7_czapki\">\n                    <div class=\"category-wrap\">\n                                                    <img decoding=\"async\" class=\"category-image\" src=\"https:\/\/mirmar.waw.pl\/wp-content\/uploads\/2023\/10\/czapki.svg\" alt=\"Czapki\">\n                                                <h4 class=\"category-title\">Czapki<\/h4>\n\n                    <\/div>\n                <\/a>\n                        <a class=\"category-link\" href=\"https:\/\/mirmar.waw.pl\/produkty\/?type=spodnie\">\n                    <div class=\"category-wrap\">\n                                                    <img decoding=\"async\" class=\"category-image\" src=\"https:\/\/mirmar.waw.pl\/wp-content\/uploads\/2023\/10\/spodnie.svg\" alt=\"Spodnie\">\n                                                <h4 class=\"category-title\">Spodnie<\/h4>\n\n                    <\/div>\n                <\/a>\n                        <a class=\"category-link\" href=\"https:\/\/mirmar.waw.pl\/produkty\/?type=torby\">\n                    <div class=\"category-wrap\">\n                                                    <img decoding=\"async\" class=\"category-image\" src=\"https:\/\/mirmar.waw.pl\/wp-content\/uploads\/2023\/10\/torby.svg\" alt=\"Torby\">\n                                                <h4 class=\"category-title\">Torby<\/h4>\n\n                    <\/div>\n                <\/a>\n                        <a class=\"category-link\" href=\"https:\/\/mirmar.waw.pl\/produkty\/?type=reczniki\">\n                    <div class=\"category-wrap\">\n                                                    <img decoding=\"async\" class=\"category-image\" src=\"https:\/\/mirmar.waw.pl\/wp-content\/uploads\/2023\/10\/recznik.svg\" alt=\"R\u0119czniki\">\n                                                <h4 class=\"category-title\">R\u0119czniki<\/h4>\n\n                    <\/div>\n                <\/a>\n                        <a class=\"category-link\" href=\"https:\/\/mirmar.waw.pl\/produkty\/?type=odziez-robocza\">\n                    <div class=\"category-wrap\">\n                                                    <img decoding=\"async\" class=\"category-image\" src=\"https:\/\/mirmar.waw.pl\/wp-content\/uploads\/2023\/10\/robocza.svg\" alt=\"Odzie\u017c robocza\">\n                                                <h4 class=\"category-title\">Odzie\u017c robocza<\/h4>\n\n                    <\/div>\n                <\/a>\n                        <a class=\"category-link\" href=\"https:\/\/mirmar.waw.pl\/produkty\/?type=odziez-dziecieca\">\n                    <div class=\"category-wrap\">\n                                                    <img decoding=\"async\" class=\"category-image\" src=\"https:\/\/mirmar.waw.pl\/wp-content\/uploads\/2023\/10\/dziecieca.svg\" alt=\"Odzie\u017c dzieci\u0119ca\">\n                                                <h4 class=\"category-title\">Odzie\u017c dzieci\u0119ca<\/h4>\n\n                    <\/div>\n                <\/a>\n            <\/div>\n<\/div><\/div>\n","protected":false},"excerpt":{"rendered":"<p>Jeste\u015bmy w dobrym miejscuw\u015br\u00f3d dobrych ludzi Nasza do\u015bwiadczona za\u0142oga oraz nowoczesny park maszynowy stanowi\u0105 fundamenty, na kt\u00f3rych budujemy gwarancj\u0119 najwy\u017cszej jako\u015bci produkt\u00f3w dostarczanych terminowo. Dzi\u0119ki temu podej\u015bciu zdobywamy zaufanie producent\u00f3w tekstyli\u00f3w, agencji reklamowych i klient\u00f3w z Polski i zagranicy. Kim jeste\u015bmy Firma&nbsp;Mirmar&nbsp;istnieje od 1997 roku. Jeste\u015bmy nowoczesnym przedsi\u0119biorstwem specjalizuj\u0105cym si\u0119 w sprzeda\u017cy odzie\u017cy reklamowej, nadrukach &hellip;<\/p>\n<p class=\"read-more\"> <a class=\"\" href=\"https:\/\/mirmar.waw.pl\/o-firmie\/\"> <span class=\"screen-reader-text\">O firmie<\/span> Read More &raquo;<\/a><\/p>\n","protected":false},"author":1,"featured_media":0,"parent":0,"menu_order":0,"comment_status":"closed","ping_status":"closed","template":"","meta":{"inline_featured_image":false,"_uag_custom_page_level_css":"","site-sidebar-layout":"default","site-content-layout":"","ast-site-content-layout":"","site-content-style":"default","site-sidebar-style":"default","ast-global-header-display":"","ast-banner-title-visibility":"","ast-main-header-display":"","ast-hfb-above-header-display":"","ast-hfb-below-header-display":"","ast-hfb-mobile-header-display":"","site-post-title":"disabled","ast-breadcrumbs-content":"","ast-featured-img":"","footer-sml-layout":"","theme-transparent-header-meta":"","adv-header-id-meta":"","stick-header-meta":"","header-above-stick-meta":"","header-main-stick-meta":"","header-below-stick-meta":"","astra-migrate-meta-layouts":"","footnotes":""},"kategorie":[],"class_list":["post-27","page","type-page","status-publish","hentry"],"acf":{"producent":"","kod_produktu":"","opis_produktu":"","zdjecie_produktu":{"id":"","colorCode":false},"galeria":"","gramatura":"","material":"","plec":"","znakowanie":"","kolory":null,"warianty":null},"featured_image_urls":{"full":"","thumbnail":"","medium":"","medium_large":"","large":"","1536x1536":"","2048x2048":""},"post_excerpt_stackable":"<p>Jeste\u015bmy w dobrym miejscuw\u015br\u00f3d dobrych ludzi Nasza do\u015bwiadczona za\u0142oga oraz nowoczesny park maszynowy stanowi\u0105 fundamenty, na kt\u00f3rych budujemy gwarancj\u0119 najwy\u017cszej jako\u015bci produkt\u00f3w dostarczanych terminowo. Dzi\u0119ki temu podej\u015bciu zdobywamy zaufanie producent\u00f3w tekstyli\u00f3w, agencji reklamowych i klient\u00f3w z Polski i zagranicy. Kim jeste\u015bmy Firma&nbsp;Mirmar&nbsp;istnieje od 1997 roku. Jeste\u015bmy nowoczesnym przedsi\u0119biorstwem specjalizuj\u0105cym si\u0119 w sprzeda\u017cy odzie\u017cy reklamowej, nadrukach i haftach na odzie\u017cy oraz produkcji&nbsp;nadruk\u00f3w DTF i termotransfer\u00f3w&nbsp;sitodrukowych. Z naszych us\u0142ug korzystaj\u0105 producenci tekstyli\u00f3w, agencje reklamowe oraz odbiorcy z Polski i zagranicy. Do\u015bwiadczona za\u0142oga i nowoczesny park maszynowy, jakim dysponujemy to dla naszych klient\u00f3w gwarancja otrzymania produktu najwy\u017cszej jako\u015bci w ustalonym terminie. Staramy si\u0119&hellip;<\/p>\n","category_list":"","author_info":{"name":"admin","url":"https:\/\/mirmar.waw.pl\/author\/admin\/"},"comments_num":"0 comments","uagb_featured_image_src":{"full":false,"thumbnail":false,"medium":false,"medium_large":false,"large":false,"1536x1536":false,"2048x2048":false},"uagb_author_info":{"display_name":"admin","author_link":"https:\/\/mirmar.waw.pl\/author\/admin\/"},"uagb_comment_info":0,"uagb_excerpt":"Jeste\u015bmy w dobrym miejscuw\u015br\u00f3d dobrych ludzi Nasza do\u015bwiadczona za\u0142oga oraz nowoczesny park maszynowy stanowi\u0105 fundamenty, na kt\u00f3rych budujemy gwarancj\u0119 najwy\u017cszej jako\u015bci produkt\u00f3w dostarczanych terminowo. Dzi\u0119ki temu podej\u015bciu zdobywamy zaufanie producent\u00f3w tekstyli\u00f3w, agencji reklamowych i klient\u00f3w z Polski i zagranicy. Kim jeste\u015bmy Firma&nbsp;Mirmar&nbsp;istnieje od 1997 roku. Jeste\u015bmy nowoczesnym przedsi\u0119biorstwem specjalizuj\u0105cym si\u0119 w sprzeda\u017cy odzie\u017cy reklamowej, nadrukach&hellip;","_links":{"self":[{"href":"https:\/\/mirmar.waw.pl\/wp-json\/wp\/v2\/pages\/27","targetHints":{"allow":["GET"]}}],"collection":[{"href":"https:\/\/mirmar.waw.pl\/wp-json\/wp\/v2\/pages"}],"about":[{"href":"https:\/\/mirmar.waw.pl\/wp-json\/wp\/v2\/types\/page"}],"author":[{"embeddable":true,"href":"https:\/\/mirmar.waw.pl\/wp-json\/wp\/v2\/users\/1"}],"replies":[{"embeddable":true,"href":"https:\/\/mirmar.waw.pl\/wp-json\/wp\/v2\/comments?post=27"}],"version-history":[{"count":48,"href":"https:\/\/mirmar.waw.pl\/wp-json\/wp\/v2\/pages\/27\/revisions"}],"predecessor-version":[{"id":4603,"href":"https:\/\/mirmar.waw.pl\/wp-json\/wp\/v2\/pages\/27\/revisions\/4603"}],"wp:attachment":[{"href":"https:\/\/mirmar.waw.pl\/wp-json\/wp\/v2\/media?parent=27"}],"wp:term":[{"taxonomy":"kategorie","embeddable":true,"href":"https:\/\/mirmar.waw.pl\/wp-json\/wp\/v2\/kategorie?post=27"}],"curies":[{"name":"wp","href":"https:\/\/api.w.org\/{rel}","templated":true}]}}