{"id":24,"date":"2023-08-24T04:50:36","date_gmt":"2023-08-24T04:50:36","guid":{"rendered":"https:\/\/mirmar.waw.pl\/?page_id=24"},"modified":"2023-11-16T09:47:05","modified_gmt":"2023-11-16T09:47:05","slug":"galeria","status":"publish","type":"page","link":"https:\/\/mirmar.waw.pl\/galeria\/","title":{"rendered":"Galeria"},"content":{"rendered":"\n<div id=\"page-banner\" class=\"wp-block-uagb-container uagb-block-8ac58d7c alignfull uagb-is-root-container\"><div class=\"uagb-container-inner-blocks-wrap\">\n<div class=\"wp-block-uagb-advanced-heading uagb-block-46f1336e\"><h2 class=\"uagb-heading-text\">Galeria<\/h2><\/div>\n<\/div><\/div>\n\n\n\n<div id=\"gallery-grid\" class=\"wp-block-uagb-container uagb-block-8fa7ed65 alignfull uagb-is-root-container\"><div class=\"uagb-container-inner-blocks-wrap\">\n<div class=\"wp-block-uagb-container uagb-block-edacb078\">\n<div class=\"wp-block-uagb-container uagb-block-03b82966\">\n<div class=\"wp-block-uagb-image uagb-block-bdba0037 wp-block-uagb-image--layout-default wp-block-uagb-image--effect-zoomin wp-block-uagb-image--align-none\"><figure class=\"wp-block-uagb-image__figure\"><img decoding=\"async\" srcset=\"https:\/\/mirmar.waw.pl\/wp-content\/uploads\/2023\/11\/30.png \" sizes=\"auto, (max-width: 480px) 150px\" src=\"https:\/\/mirmar.waw.pl\/wp-content\/uploads\/2023\/11\/30.png\" alt=\"\" class=\"uag-image-4529\" width=\"436\" height=\"355\" title=\"\" loading=\"lazy\"\/><\/figure><\/div>\n<\/div>\n\n\n\n<div class=\"wp-block-uagb-container uagb-block-c33314ba\">\n<div class=\"wp-block-uagb-image uagb-block-abf1b01b wp-block-uagb-image--layout-default wp-block-uagb-image--effect-zoomin wp-block-uagb-image--align-none\"><figure class=\"wp-block-uagb-image__figure\"><img decoding=\"async\" srcset=\"https:\/\/mirmar.waw.pl\/wp-content\/uploads\/2023\/11\/4.png \" sizes=\"auto, (max-width: 480px) 150px\" src=\"https:\/\/mirmar.waw.pl\/wp-content\/uploads\/2023\/11\/4.png\" alt=\"\" class=\"uag-image-4556\" width=\"436\" height=\"355\" title=\"\" loading=\"lazy\"\/><\/figure><\/div>\n<\/div>\n\n\n\n<div class=\"wp-block-uagb-container uagb-block-b453a5a9\">\n<div class=\"wp-block-uagb-image uagb-block-9b91bedc wp-block-uagb-image--layout-default wp-block-uagb-image--effect-zoomin wp-block-uagb-image--align-none\"><figure class=\"wp-block-uagb-image__figure\"><img decoding=\"async\" srcset=\"https:\/\/mirmar.waw.pl\/wp-content\/uploads\/2023\/11\/3.png \" sizes=\"auto, (max-width: 480px) 150px\" src=\"https:\/\/mirmar.waw.pl\/wp-content\/uploads\/2023\/11\/3.png\" alt=\"\" class=\"uag-image-4555\" width=\"438\" height=\"355\" title=\"\" loading=\"lazy\"\/><\/figure><\/div>\n<\/div>\n<\/div>\n\n\n\n<div class=\"wp-block-uagb-container uagb-block-7d69d096\">\n<div class=\"wp-block-uagb-container uagb-block-cbcf606d\">\n<div class=\"wp-block-uagb-image uagb-block-3961b4b8 wp-block-uagb-image--layout-default wp-block-uagb-image--effect-static wp-block-uagb-image--align-none\"><figure class=\"wp-block-uagb-image__figure\"><img decoding=\"async\" srcset=\"https:\/\/mirmar.waw.pl\/wp-content\/uploads\/2023\/11\/21.png \" sizes=\"auto, (max-width: 480px) 150px\" src=\"https:\/\/mirmar.waw.pl\/wp-content\/uploads\/2023\/11\/21.png\" alt=\"\" class=\"uag-image-4533\" width=\"438\" height=\"355\" title=\"\" loading=\"lazy\"\/><\/figure><\/div>\n<\/div>\n\n\n\n<div class=\"wp-block-uagb-container uagb-block-6cf1a7a8\">\n<div class=\"wp-block-uagb-image uagb-block-af8f84ff wp-block-uagb-image--layout-default wp-block-uagb-image--effect-zoomin wp-block-uagb-image--align-none\"><figure class=\"wp-block-uagb-image__figure\"><img decoding=\"async\" srcset=\"https:\/\/mirmar.waw.pl\/wp-content\/uploads\/2023\/11\/1.png \" sizes=\"auto, (max-width: 480px) 150px\" src=\"https:\/\/mirmar.waw.pl\/wp-content\/uploads\/2023\/11\/1.png\" alt=\"\" class=\"uag-image-4553\" width=\"436\" height=\"355\" title=\"\" loading=\"lazy\"\/><\/figure><\/div>\n<\/div>\n\n\n\n<div class=\"wp-block-uagb-container uagb-block-8876314a\">\n<div class=\"wp-block-uagb-image uagb-block-798bea56 wp-block-uagb-image--layout-default wp-block-uagb-image--effect-zoomin wp-block-uagb-image--align-none\"><figure class=\"wp-block-uagb-image__figure\"><img decoding=\"async\" srcset=\"https:\/\/mirmar.waw.pl\/wp-content\/uploads\/2023\/11\/26.png \" sizes=\"auto, (max-width: 480px) 150px\" src=\"https:\/\/mirmar.waw.pl\/wp-content\/uploads\/2023\/11\/26.png\" alt=\"\" class=\"uag-image-4539\" width=\"438\" height=\"355\" title=\"\" loading=\"lazy\"\/><\/figure><\/div>\n<\/div>\n<\/div>\n\n\n\n<div class=\"wp-block-uagb-container uagb-block-f64e8f22\">\n<div class=\"wp-block-uagb-container uagb-block-3ab52682\">\n<div class=\"wp-block-uagb-image uagb-block-ebfc1300 wp-block-uagb-image--layout-default wp-block-uagb-image--effect-zoomin wp-block-uagb-image--align-none\"><figure class=\"wp-block-uagb-image__figure\"><img decoding=\"async\" srcset=\"https:\/\/mirmar.waw.pl\/wp-content\/uploads\/2023\/11\/2.png \" sizes=\"auto, (max-width: 480px) 150px\" src=\"https:\/\/mirmar.waw.pl\/wp-content\/uploads\/2023\/11\/2.png\" alt=\"\" class=\"uag-image-4554\" width=\"438\" height=\"355\" title=\"\" loading=\"lazy\"\/><\/figure><\/div>\n<\/div>\n\n\n\n<div class=\"wp-block-uagb-container uagb-block-adea4f35\">\n<div class=\"wp-block-uagb-image uagb-block-7635ac94 wp-block-uagb-image--layout-default wp-block-uagb-image--effect-zoomin wp-block-uagb-image--align-none\"><figure class=\"wp-block-uagb-image__figure\"><img decoding=\"async\" srcset=\"https:\/\/mirmar.waw.pl\/wp-content\/uploads\/2023\/11\/24.png \" sizes=\"auto, (max-width: 480px) 150px\" src=\"https:\/\/mirmar.waw.pl\/wp-content\/uploads\/2023\/11\/24.png\" alt=\"\" class=\"uag-image-4537\" width=\"436\" height=\"355\" title=\"\" loading=\"lazy\"\/><\/figure><\/div>\n<\/div>\n\n\n\n<div class=\"wp-block-uagb-container uagb-block-ffaf5334\">\n<div class=\"wp-block-uagb-image uagb-block-47b66c8d wp-block-uagb-image--layout-default wp-block-uagb-image--effect-zoomin wp-block-uagb-image--align-none\"><figure class=\"wp-block-uagb-image__figure\"><img decoding=\"async\" srcset=\"https:\/\/mirmar.waw.pl\/wp-content\/uploads\/2023\/11\/7.png \" sizes=\"auto, (max-width: 480px) 150px\" src=\"https:\/\/mirmar.waw.pl\/wp-content\/uploads\/2023\/11\/7.png\" alt=\"\" class=\"uag-image-4559\" width=\"438\" height=\"355\" title=\"\" loading=\"lazy\"\/><\/figure><\/div>\n<\/div>\n<\/div>\n\n\n\n<div class=\"wp-block-uagb-container uagb-block-5fb020c4\">\n<div class=\"wp-block-uagb-container uagb-block-c999f78d\">\n<div class=\"wp-block-uagb-image uagb-block-34c2ea56 wp-block-uagb-image--layout-default wp-block-uagb-image--effect-zoomin wp-block-uagb-image--align-none\"><figure class=\"wp-block-uagb-image__figure\"><img decoding=\"async\" srcset=\"https:\/\/mirmar.waw.pl\/wp-content\/uploads\/2023\/11\/13.png \" sizes=\"auto, (max-width: 480px) 150px\" src=\"https:\/\/mirmar.waw.pl\/wp-content\/uploads\/2023\/11\/13.png\" alt=\"\" class=\"uag-image-4548\" width=\"438\" height=\"355\" title=\"\" loading=\"lazy\"\/><\/figure><\/div>\n<\/div>\n\n\n\n<div class=\"wp-block-uagb-container uagb-block-ac78408f\">\n<div class=\"wp-block-uagb-image uagb-block-6af28e2b wp-block-uagb-image--layout-default wp-block-uagb-image--effect-zoomin wp-block-uagb-image--align-none\"><figure class=\"wp-block-uagb-image__figure\"><img decoding=\"async\" srcset=\"https:\/\/mirmar.waw.pl\/wp-content\/uploads\/2023\/11\/16.png \" sizes=\"auto, (max-width: 480px) 150px\" src=\"https:\/\/mirmar.waw.pl\/wp-content\/uploads\/2023\/11\/16.png\" alt=\"\" class=\"uag-image-4551\" width=\"436\" height=\"355\" title=\"\" loading=\"lazy\"\/><\/figure><\/div>\n<\/div>\n\n\n\n<div class=\"wp-block-uagb-container uagb-block-b8d1682a\">\n<div class=\"wp-block-uagb-image uagb-block-cbc4742e wp-block-uagb-image--layout-default wp-block-uagb-image--effect-zoomin wp-block-uagb-image--align-none\"><figure class=\"wp-block-uagb-image__figure\"><img decoding=\"async\" srcset=\"https:\/\/mirmar.waw.pl\/wp-content\/uploads\/2023\/11\/27.png \" sizes=\"auto, (max-width: 480px) 150px\" src=\"https:\/\/mirmar.waw.pl\/wp-content\/uploads\/2023\/11\/27.png\" alt=\"\" class=\"uag-image-4540\" width=\"438\" height=\"355\" title=\"\" loading=\"lazy\"\/><\/figure><\/div>\n<\/div>\n<\/div>\n\n\n\n<div class=\"wp-block-uagb-container uagb-block-d49665e4\">\n<div class=\"wp-block-uagb-container uagb-block-4f64b784\">\n<div class=\"wp-block-uagb-image uagb-block-79ae76a6 wp-block-uagb-image--layout-default wp-block-uagb-image--effect-zoomin wp-block-uagb-image--align-none\"><figure class=\"wp-block-uagb-image__figure\"><img decoding=\"async\" srcset=\"https:\/\/mirmar.waw.pl\/wp-content\/uploads\/2023\/11\/14.png \" sizes=\"auto, (max-width: 480px) 150px\" src=\"https:\/\/mirmar.waw.pl\/wp-content\/uploads\/2023\/11\/14.png\" alt=\"\" class=\"uag-image-4549\" width=\"438\" height=\"355\" title=\"\" loading=\"lazy\"\/><\/figure><\/div>\n<\/div>\n\n\n\n<div class=\"wp-block-uagb-container uagb-block-da19047f\">\n<div class=\"wp-block-uagb-image uagb-block-81e2de25 wp-block-uagb-image--layout-default wp-block-uagb-image--effect-zoomin wp-block-uagb-image--align-none\"><figure class=\"wp-block-uagb-image__figure\"><img decoding=\"async\" srcset=\"https:\/\/mirmar.waw.pl\/wp-content\/uploads\/2023\/11\/28.png \" sizes=\"auto, (max-width: 480px) 150px\" src=\"https:\/\/mirmar.waw.pl\/wp-content\/uploads\/2023\/11\/28.png\" alt=\"\" class=\"uag-image-4541\" width=\"436\" height=\"355\" title=\"\" loading=\"lazy\"\/><\/figure><\/div>\n<\/div>\n\n\n\n<div class=\"wp-block-uagb-container uagb-block-6aad51d1\">\n<div class=\"wp-block-uagb-image uagb-block-80abae60 wp-block-uagb-image--layout-default wp-block-uagb-image--effect-zoomin wp-block-uagb-image--align-none\"><figure class=\"wp-block-uagb-image__figure\"><img decoding=\"async\" srcset=\"https:\/\/mirmar.waw.pl\/wp-content\/uploads\/2023\/11\/17.png \" sizes=\"auto, (max-width: 480px) 150px\" src=\"https:\/\/mirmar.waw.pl\/wp-content\/uploads\/2023\/11\/17.png\" alt=\"\" class=\"uag-image-4552\" width=\"438\" height=\"355\" title=\"\" loading=\"lazy\"\/><\/figure><\/div>\n<\/div>\n<\/div>\n\n\n\n<div class=\"wp-block-uagb-container uagb-block-f6cf42c8\">\n<div class=\"wp-block-uagb-container uagb-block-058c92b8\">\n<div class=\"wp-block-uagb-image uagb-block-270ecf44 wp-block-uagb-image--layout-default wp-block-uagb-image--effect-zoomin wp-block-uagb-image--align-none\"><figure class=\"wp-block-uagb-image__figure\"><img decoding=\"async\" srcset=\"https:\/\/mirmar.waw.pl\/wp-content\/uploads\/2023\/11\/29.png \" sizes=\"auto, (max-width: 480px) 150px\" src=\"https:\/\/mirmar.waw.pl\/wp-content\/uploads\/2023\/11\/29.png\" alt=\"\" class=\"uag-image-4542\" width=\"438\" height=\"355\" title=\"\" loading=\"lazy\"\/><\/figure><\/div>\n<\/div>\n\n\n\n<div class=\"wp-block-uagb-container uagb-block-b92cbb02\">\n<div class=\"wp-block-uagb-image uagb-block-750e5393 wp-block-uagb-image--layout-default wp-block-uagb-image--effect-zoomin wp-block-uagb-image--align-none\"><figure class=\"wp-block-uagb-image__figure\"><img decoding=\"async\" srcset=\"https:\/\/mirmar.waw.pl\/wp-content\/uploads\/2023\/11\/6.png \" sizes=\"auto, (max-width: 480px) 150px\" src=\"https:\/\/mirmar.waw.pl\/wp-content\/uploads\/2023\/11\/6.png\" alt=\"\" class=\"uag-image-4558\" width=\"436\" height=\"355\" title=\"\" loading=\"lazy\"\/><\/figure><\/div>\n<\/div>\n\n\n\n<div class=\"wp-block-uagb-container uagb-block-c35434a2\">\n<div class=\"wp-block-uagb-image uagb-block-90e505b7 wp-block-uagb-image--layout-default wp-block-uagb-image--effect-zoomin wp-block-uagb-image--align-none\"><figure class=\"wp-block-uagb-image__figure\"><img decoding=\"async\" srcset=\"https:\/\/mirmar.waw.pl\/wp-content\/uploads\/2023\/11\/5.png \" sizes=\"auto, (max-width: 480px) 150px\" src=\"https:\/\/mirmar.waw.pl\/wp-content\/uploads\/2023\/11\/5.png\" alt=\"\" class=\"uag-image-4557\" width=\"438\" height=\"355\" title=\"\" loading=\"lazy\"\/><\/figure><\/div>\n<\/div>\n<\/div>\n\n\n\n<div class=\"wp-block-uagb-container uagb-block-b8876396\">\n<div class=\"wp-block-uagb-container uagb-block-5019b350\">\n<div class=\"wp-block-uagb-image uagb-block-a8053a21 wp-block-uagb-image--layout-default wp-block-uagb-image--effect-zoomin wp-block-uagb-image--align-none\"><figure class=\"wp-block-uagb-image__figure\"><img decoding=\"async\" srcset=\"https:\/\/mirmar.waw.pl\/wp-content\/uploads\/2023\/11\/10.png \" sizes=\"auto, (max-width: 480px) 150px\" src=\"https:\/\/mirmar.waw.pl\/wp-content\/uploads\/2023\/11\/10.png\" alt=\"\" class=\"uag-image-4545\" width=\"438\" height=\"355\" title=\"\" loading=\"lazy\"\/><\/figure><\/div>\n<\/div>\n\n\n\n<div class=\"wp-block-uagb-container uagb-block-992e9986\">\n<div class=\"wp-block-uagb-image uagb-block-35ee95e7 wp-block-uagb-image--layout-default wp-block-uagb-image--effect-zoomin wp-block-uagb-image--align-none\"><figure class=\"wp-block-uagb-image__figure\"><img decoding=\"async\" srcset=\"https:\/\/mirmar.waw.pl\/wp-content\/uploads\/2023\/11\/18.png \" sizes=\"auto, (max-width: 480px) 150px\" src=\"https:\/\/mirmar.waw.pl\/wp-content\/uploads\/2023\/11\/18.png\" alt=\"\" class=\"uag-image-4530\" width=\"436\" height=\"355\" title=\"\" loading=\"lazy\"\/><\/figure><\/div>\n<\/div>\n\n\n\n<div class=\"wp-block-uagb-container uagb-block-4214afe7\">\n<div class=\"wp-block-uagb-image uagb-block-2e87e096 wp-block-uagb-image--layout-default wp-block-uagb-image--effect-zoomin wp-block-uagb-image--align-none\"><figure class=\"wp-block-uagb-image__figure\"><img decoding=\"async\" srcset=\"https:\/\/mirmar.waw.pl\/wp-content\/uploads\/2023\/11\/15.png \" sizes=\"auto, (max-width: 480px) 150px\" src=\"https:\/\/mirmar.waw.pl\/wp-content\/uploads\/2023\/11\/15.png\" alt=\"\" class=\"uag-image-4550\" width=\"438\" height=\"355\" title=\"\" loading=\"lazy\"\/><\/figure><\/div>\n<\/div>\n<\/div>\n\n\n\n<div class=\"wp-block-uagb-container uagb-block-c337c861\">\n<div class=\"wp-block-uagb-container uagb-block-18f3e888\">\n<div class=\"wp-block-uagb-image uagb-block-51ac9e41 wp-block-uagb-image--layout-default wp-block-uagb-image--effect-zoomin wp-block-uagb-image--align-none\"><figure class=\"wp-block-uagb-image__figure\"><img decoding=\"async\" srcset=\"https:\/\/mirmar.waw.pl\/wp-content\/uploads\/2023\/11\/9.png \" sizes=\"auto, (max-width: 480px) 150px\" src=\"https:\/\/mirmar.waw.pl\/wp-content\/uploads\/2023\/11\/9.png\" alt=\"\" class=\"uag-image-4544\" width=\"438\" height=\"355\" title=\"\" loading=\"lazy\"\/><\/figure><\/div>\n<\/div>\n\n\n\n<div class=\"wp-block-uagb-container uagb-block-5edb051b\">\n<div class=\"wp-block-uagb-image uagb-block-3b5b4d17 wp-block-uagb-image--layout-default wp-block-uagb-image--effect-zoomin wp-block-uagb-image--align-none\"><figure class=\"wp-block-uagb-image__figure\"><img decoding=\"async\" srcset=\"https:\/\/mirmar.waw.pl\/wp-content\/uploads\/2023\/11\/23.png \" sizes=\"auto, (max-width: 480px) 150px\" src=\"https:\/\/mirmar.waw.pl\/wp-content\/uploads\/2023\/11\/23.png\" alt=\"\" class=\"uag-image-4536\" width=\"436\" height=\"355\" title=\"\" loading=\"lazy\"\/><\/figure><\/div>\n<\/div>\n\n\n\n<div class=\"wp-block-uagb-container uagb-block-e5ba4059\">\n<div class=\"wp-block-uagb-image uagb-block-28eb9586 wp-block-uagb-image--layout-default wp-block-uagb-image--effect-zoomin wp-block-uagb-image--align-none\"><figure class=\"wp-block-uagb-image__figure\"><img decoding=\"async\" srcset=\"https:\/\/mirmar.waw.pl\/wp-content\/uploads\/2023\/11\/25.png \" sizes=\"auto, (max-width: 480px) 150px\" src=\"https:\/\/mirmar.waw.pl\/wp-content\/uploads\/2023\/11\/25.png\" alt=\"\" class=\"uag-image-4538\" width=\"438\" height=\"355\" title=\"\" loading=\"lazy\"\/><\/figure><\/div>\n<\/div>\n<\/div>\n\n\n\n<div class=\"wp-block-uagb-container uagb-block-61a66cd8\">\n<div class=\"wp-block-uagb-container uagb-block-99db147d\">\n<div class=\"wp-block-uagb-image uagb-block-b6b7be50 wp-block-uagb-image--layout-default wp-block-uagb-image--effect-zoomin wp-block-uagb-image--align-none\"><figure class=\"wp-block-uagb-image__figure\"><img decoding=\"async\" srcset=\"https:\/\/mirmar.waw.pl\/wp-content\/uploads\/2023\/11\/19.png \" sizes=\"auto, (max-width: 480px) 150px\" src=\"https:\/\/mirmar.waw.pl\/wp-content\/uploads\/2023\/11\/19.png\" alt=\"\" class=\"uag-image-4531\" width=\"438\" height=\"355\" title=\"\" loading=\"lazy\"\/><\/figure><\/div>\n<\/div>\n\n\n\n<div class=\"wp-block-uagb-container uagb-block-40284a29\">\n<div class=\"wp-block-uagb-image uagb-block-3fbd7ca9 wp-block-uagb-image--layout-default wp-block-uagb-image--effect-zoomin wp-block-uagb-image--align-none\"><figure class=\"wp-block-uagb-image__figure\"><img decoding=\"async\" srcset=\"https:\/\/mirmar.waw.pl\/wp-content\/uploads\/2023\/11\/11.png \" sizes=\"auto, (max-width: 480px) 150px\" src=\"https:\/\/mirmar.waw.pl\/wp-content\/uploads\/2023\/11\/11.png\" alt=\"\" class=\"uag-image-4546\" width=\"436\" height=\"355\" title=\"\" loading=\"lazy\"\/><\/figure><\/div>\n<\/div>\n\n\n\n<div class=\"wp-block-uagb-container uagb-block-8061b8b8\"><\/div>\n<\/div>\n<\/div><\/div>\n\n\n\n<div id=\"categories\" class=\"wp-block-uagb-container uagb-block-7e303b87 alignfull uagb-is-root-container\"><div class=\"uagb-container-inner-blocks-wrap\">\n<div class=\"wp-block-uagb-advanced-heading uagb-block-74af2322 uag-blocks-common-selector\" style=\"--z-index-desktop:3;;--z-index-tablet:undefined;;--z-index-mobile:undefined;\"><h2 class=\"uagb-heading-text\">Kategorie produkt\u00f3w<\/h2><\/div>\n\n\n    <div class=\"category-grid\">\n                        <a class=\"category-link\" href=\"https:\/\/mirmar.waw.pl\/produkty\/?type=koszulki\">\n                    <div class=\"category-wrap\">\n                                                    <img decoding=\"async\" class=\"category-image\" src=\"https:\/\/mirmar.waw.pl\/wp-content\/uploads\/2023\/10\/koszulki.svg\" alt=\"Koszulki\">\n                                                <h4 class=\"category-title\">Koszulki<\/h4>\n\n                    <\/div>\n                <\/a>\n                        <a class=\"category-link\" href=\"https:\/\/mirmar.waw.pl\/produkty\/?type=polo\">\n                    <div class=\"category-wrap\">\n                                                    <img decoding=\"async\" class=\"category-image\" src=\"https:\/\/mirmar.waw.pl\/wp-content\/uploads\/2023\/10\/polo.svg\" alt=\"Polo\">\n                                                <h4 class=\"category-title\">Polo<\/h4>\n\n                    <\/div>\n                <\/a>\n                        <a class=\"category-link\" href=\"https:\/\/mirmar.waw.pl\/produkty\/?type=3_bluzy\">\n                    <div class=\"category-wrap\">\n                                                    <img decoding=\"async\" class=\"category-image\" src=\"https:\/\/mirmar.waw.pl\/wp-content\/uploads\/2023\/10\/bluza.svg\" alt=\"Bluzy\">\n                                                <h4 class=\"category-title\">Bluzy<\/h4>\n\n                    <\/div>\n                <\/a>\n                        <a class=\"category-link\" href=\"https:\/\/mirmar.waw.pl\/produkty\/?type=polary\">\n                    <div class=\"category-wrap\">\n                                                    <img decoding=\"async\" class=\"category-image\" src=\"https:\/\/mirmar.waw.pl\/wp-content\/uploads\/2023\/10\/polar.svg\" alt=\"Polary\">\n                                                <h4 class=\"category-title\">Polary<\/h4>\n\n                    <\/div>\n                <\/a>\n                        <a class=\"category-link\" href=\"https:\/\/mirmar.waw.pl\/produkty\/?type=5_koszule\">\n                    <div class=\"category-wrap\">\n                                                    <img decoding=\"async\" class=\"category-image\" src=\"https:\/\/mirmar.waw.pl\/wp-content\/uploads\/2023\/10\/koszule.svg\" alt=\"Koszule\">\n                                                <h4 class=\"category-title\">Koszule<\/h4>\n\n                    <\/div>\n                <\/a>\n                        <a class=\"category-link\" href=\"https:\/\/mirmar.waw.pl\/produkty\/?type=kurtki\">\n                    <div class=\"category-wrap\">\n                                                    <img decoding=\"async\" class=\"category-image\" src=\"https:\/\/mirmar.waw.pl\/wp-content\/uploads\/2023\/10\/kurtki.svg\" alt=\"Kurtki\">\n                                                <h4 class=\"category-title\">Kurtki<\/h4>\n\n                    <\/div>\n                <\/a>\n                        <a class=\"category-link\" href=\"https:\/\/mirmar.waw.pl\/produkty\/?type=7_czapki\">\n                    <div class=\"category-wrap\">\n                                                    <img decoding=\"async\" class=\"category-image\" src=\"https:\/\/mirmar.waw.pl\/wp-content\/uploads\/2023\/10\/czapki.svg\" alt=\"Czapki\">\n                                                <h4 class=\"category-title\">Czapki<\/h4>\n\n                    <\/div>\n                <\/a>\n                        <a class=\"category-link\" href=\"https:\/\/mirmar.waw.pl\/produkty\/?type=spodnie\">\n                    <div class=\"category-wrap\">\n                                                    <img decoding=\"async\" class=\"category-image\" src=\"https:\/\/mirmar.waw.pl\/wp-content\/uploads\/2023\/10\/spodnie.svg\" alt=\"Spodnie\">\n                                                <h4 class=\"category-title\">Spodnie<\/h4>\n\n                    <\/div>\n                <\/a>\n                        <a class=\"category-link\" href=\"https:\/\/mirmar.waw.pl\/produkty\/?type=torby\">\n                    <div class=\"category-wrap\">\n                                                    <img decoding=\"async\" class=\"category-image\" src=\"https:\/\/mirmar.waw.pl\/wp-content\/uploads\/2023\/10\/torby.svg\" alt=\"Torby\">\n                                                <h4 class=\"category-title\">Torby<\/h4>\n\n                    <\/div>\n                <\/a>\n                        <a class=\"category-link\" href=\"https:\/\/mirmar.waw.pl\/produkty\/?type=reczniki\">\n                    <div class=\"category-wrap\">\n                                                    <img decoding=\"async\" class=\"category-image\" src=\"https:\/\/mirmar.waw.pl\/wp-content\/uploads\/2023\/10\/recznik.svg\" alt=\"R\u0119czniki\">\n                                                <h4 class=\"category-title\">R\u0119czniki<\/h4>\n\n                    <\/div>\n                <\/a>\n                        <a class=\"category-link\" href=\"https:\/\/mirmar.waw.pl\/produkty\/?type=odziez-robocza\">\n                    <div class=\"category-wrap\">\n                                                    <img decoding=\"async\" class=\"category-image\" src=\"https:\/\/mirmar.waw.pl\/wp-content\/uploads\/2023\/10\/robocza.svg\" alt=\"Odzie\u017c robocza\">\n                                                <h4 class=\"category-title\">Odzie\u017c robocza<\/h4>\n\n                    <\/div>\n                <\/a>\n                        <a class=\"category-link\" href=\"https:\/\/mirmar.waw.pl\/produkty\/?type=odziez-dziecieca\">\n                    <div class=\"category-wrap\">\n                                                    <img decoding=\"async\" class=\"category-image\" src=\"https:\/\/mirmar.waw.pl\/wp-content\/uploads\/2023\/10\/dziecieca.svg\" alt=\"Odzie\u017c dzieci\u0119ca\">\n                                                <h4 class=\"category-title\">Odzie\u017c dzieci\u0119ca<\/h4>\n\n                    <\/div>\n                <\/a>\n            <\/div>\n<\/div><\/div>\n","protected":false},"excerpt":{"rendered":"<p>Galeria Kategorie produkt\u00f3w<\/p>\n","protected":false},"author":1,"featured_media":0,"parent":0,"menu_order":0,"comment_status":"closed","ping_status":"closed","template":"","meta":{"inline_featured_image":false,"_uag_custom_page_level_css":"","site-sidebar-layout":"default","site-content-layout":"","ast-site-content-layout":"","site-content-style":"default","site-sidebar-style":"default","ast-global-header-display":"","ast-banner-title-visibility":"","ast-main-header-display":"","ast-hfb-above-header-display":"","ast-hfb-below-header-display":"","ast-hfb-mobile-header-display":"","site-post-title":"disabled","ast-breadcrumbs-content":"","ast-featured-img":"","footer-sml-layout":"","theme-transparent-header-meta":"","adv-header-id-meta":"","stick-header-meta":"","header-above-stick-meta":"","header-main-stick-meta":"","header-below-stick-meta":"","astra-migrate-meta-layouts":"","footnotes":""},"kategorie":[],"class_list":["post-24","page","type-page","status-publish","hentry"],"acf":{"producent":"","kod_produktu":"","opis_produktu":"","zdjecie_produktu":{"id":"","colorCode":false},"galeria":"","gramatura":"","material":"","plec":"","znakowanie":"","kolory":null,"warianty":null},"featured_image_urls":{"full":"","thumbnail":"","medium":"","medium_large":"","large":"","1536x1536":"","2048x2048":""},"post_excerpt_stackable":"<p>Galeria Kategorie produkt\u00f3w Koszulki Polo Bluzy Polary Koszule Kurtki Czapki Spodnie Torby R\u0119czniki Odzie\u017c robocza Odzie\u017c dzieci\u0119ca<\/p>\n","category_list":"","author_info":{"name":"admin","url":"https:\/\/mirmar.waw.pl\/author\/admin\/"},"comments_num":"0 comments","uagb_featured_image_src":{"full":false,"thumbnail":false,"medium":false,"medium_large":false,"large":false,"1536x1536":false,"2048x2048":false},"uagb_author_info":{"display_name":"admin","author_link":"https:\/\/mirmar.waw.pl\/author\/admin\/"},"uagb_comment_info":0,"uagb_excerpt":"Galeria Kategorie produkt\u00f3w","_links":{"self":[{"href":"https:\/\/mirmar.waw.pl\/wp-json\/wp\/v2\/pages\/24","targetHints":{"allow":["GET"]}}],"collection":[{"href":"https:\/\/mirmar.waw.pl\/wp-json\/wp\/v2\/pages"}],"about":[{"href":"https:\/\/mirmar.waw.pl\/wp-json\/wp\/v2\/types\/page"}],"author":[{"embeddable":true,"href":"https:\/\/mirmar.waw.pl\/wp-json\/wp\/v2\/users\/1"}],"replies":[{"embeddable":true,"href":"https:\/\/mirmar.waw.pl\/wp-json\/wp\/v2\/comments?post=24"}],"version-history":[{"count":25,"href":"https:\/\/mirmar.waw.pl\/wp-json\/wp\/v2\/pages\/24\/revisions"}],"predecessor-version":[{"id":4574,"href":"https:\/\/mirmar.waw.pl\/wp-json\/wp\/v2\/pages\/24\/revisions\/4574"}],"wp:attachment":[{"href":"https:\/\/mirmar.waw.pl\/wp-json\/wp\/v2\/media?parent=24"}],"wp:term":[{"taxonomy":"kategorie","embeddable":true,"href":"https:\/\/mirmar.waw.pl\/wp-json\/wp\/v2\/kategorie?post=24"}],"curies":[{"name":"wp","href":"https:\/\/api.w.org\/{rel}","templated":true}]}}