{"id":20,"date":"2023-08-24T04:49:55","date_gmt":"2023-08-24T04:49:55","guid":{"rendered":"https:\/\/mirmar.waw.pl\/?page_id=20"},"modified":"2023-12-11T11:32:59","modified_gmt":"2023-12-11T11:32:59","slug":"wycena","status":"publish","type":"page","link":"https:\/\/mirmar.waw.pl\/wycena\/","title":{"rendered":"Wycena"},"content":{"rendered":"\n<div id=\"page-banner\" class=\"wp-block-uagb-container uagb-block-8ac58d7c alignfull uagb-is-root-container\"><div class=\"uagb-container-inner-blocks-wrap\">\n<div class=\"wp-block-uagb-advanced-heading uagb-block-46f1336e\"><h2 class=\"uagb-heading-text\">Wycena<\/h2><\/div>\n<\/div><\/div>\n\n\n\n<div class=\"wp-block-uagb-container uagb-block-756dc0d9 alignfull uagb-is-root-container\"><div class=\"uagb-container-inner-blocks-wrap\">\n<div class=\"wp-block-uagb-advanced-heading uagb-block-2042b2d9\"><h3 class=\"uagb-heading-text\"><strong>Jak sk\u0142ada\u0107 zam\u00f3wienie?<\/strong><\/h3><\/div>\n\n\n\n<div class=\"wp-block-uagb-advanced-heading uagb-block-83880c9c\"><h5 class=\"uagb-heading-text\"><strong>Aby usprawni\u0107 realizacje zam\u00f3wienia, nale\u017cy dostarczy\u0107 nast\u0119puj\u0105ce dane:<\/strong><\/h5><\/div>\n\n\n\n<ol class=\"wp-block-list\">\n<li>Imi\u0119, nazwisko i\/lub firma<\/li>\n\n\n\n<li>E-mail<\/li>\n\n\n\n<li>Rodzaj zam\u00f3wienia\n<ul class=\"wp-block-list\">\n<li>znakowanie tekstyli\u00f3w w firmie Mirmar<\/li>\n\n\n\n<li>zam\u00f3wienie transfer\u00f3w na u\u017cytek w\u0142asny<\/li>\n<\/ul>\n<\/li>\n\n\n\n<li>Rodzaj tekstyli\u00f3w do oznaczenia (np. koszulka, torba, plecak)<\/li>\n\n\n\n<li>Kolor i rodzaj tkaniny<\/li>\n\n\n\n<li>Umiejscowienie nadruku<\/li>\n\n\n\n<li>Wielko\u015b\u0107 nadruku<\/li>\n\n\n\n<li>Nak\u0142ad<\/li>\n\n\n\n<li>Oczekiwany przez Ciebie termin realizacji zam\u00f3wienia<\/li>\n\n\n\n<li>Dodatkowe uwagi<\/li>\n<\/ol>\n\n\n\n<div class=\"wp-block-uagb-advanced-heading uagb-block-fa6c6029\"><h5 class=\"uagb-heading-text\"><strong>Opr\u00f3cz powy\u017cszych danych prosimy o przes\u0142anie pliku graficznego w&nbsp;skali&nbsp;1:1:<\/strong><\/h5><\/div>\n\n\n\n<ul class=\"wp-block-list\">\n<li>Plik wektorowy w formacie Corel Draw \u2013 wersja do X8 lub w innym importuj\u0105cym si\u0119 pliku np. Ai, PDF, EPS kolory okre\u015blone w skali Pantone, czcionki zmienione na krzywe.<\/li>\n\n\n\n<li>Plik bitmapowy (zdj\u0119cia) najlepiej przes\u0142a\u0107 w formacie TIFF (do edycji w Adobe Photoshop) w rozdzielczo\u015bci 150lpi, z t\u0142em na osobnej warstwie. Opcjonalnie dopuszczane s\u0105 te\u017c formaty: Ai, PDF, JPG, CDR.<\/li>\n<\/ul>\n<\/div><\/div>\n\n\n\n<div class=\"wp-block-uagb-container uagb-block-f22df3e4 alignfull uagb-is-root-container\"><div class=\"uagb-container-inner-blocks-wrap\">\n<div class=\"wp-block-uagb-container uagb-block-fe113953\">\n<div class=\"wp-block-uagb-container uagb-block-f36d5934\">\n<div class=\"wp-block-uagb-advanced-heading uagb-block-6647a1d0\"><h2 class=\"uagb-heading-text\">Formularz do wyceny<\/h2><\/div>\n<\/div>\n\n\n\n<div class=\"wp-block-uagb-container uagb-block-34e3a8d4\"><div class=\"container\">\n        <form method=\"POST\" enctype=\"multipart\/form-data\" action=\"https:\/\/mirmar.waw.pl\/wp-admin\/admin-post.php\">\n        <input type=\"hidden\" name=\"action\" value=\"do_contact_form\">\n        <input type=\"hidden\" id=\"contact_form_nonce\" name=\"contact_form_nonce\" value=\"43b46a1fc0\" \/><input type=\"hidden\" name=\"_wp_http_referer\" value=\"\/de\/wp-json\/wp\/v2\/pages\/20\" \/>        <div class=\"form-group-checkbox\">\n            <label class=\"checkbox-label\" for=\"checkbox1\">\n                <input type=\"checkbox\" id=\"checkbox1\" name=\"linia_produktow\" \/>\n                <div>\n                    <span>\n                        Linia produkt\u00f3w                    <\/span>\n                <\/div>\n            <\/label>\n            <label class=\"checkbox-label\" for=\"checkbox2\">\n                <input type=\"checkbox\" id=\"checkbox2\" name=\"agencja_reklamowa\">\n                <div><span>\n                        Agencja reklamowa                    <\/span><\/div>\n            <\/label>\n            <label class=\"checkbox-label\" for=\"checkbox3\">\n                <input type=\"checkbox\" id=\"checkbox3\" name=\"dla_biznesu\">\n                <div>\n                    <span>\n                        Dla biznesu                    <\/span>\n                <\/div>\n            <\/label>\n        <\/div>\n        <div class=\"form-group\">\n            <input type=\"text\" id=\"imie_nazwisko\" name=\"imie_nazwisko\" required>\n            <label for=\"imie_nazwisko\">Imi\u0119 i Nazwisko<\/label>\n        <\/div>\n        <div class=\"form-group\">\n            <input type=\"text\" id=\"email\" name=\"email\" required>\n            <label for=\"email\">E-mail<\/label>\n        <\/div>\n        <div class=\"form-group\">\n            <input type=\"text\" id=\"phone\" name=\"phone\" required>\n            <label for=\"phone\">Telefon<\/label>\n        <\/div>\n        <div class=\"form-group\">\n            <textarea id=\"message\" rows=\"8\" name=\"message\" required><\/textarea>\n            <label for=\"message\">Wiadomo\u015b\u0107<\/label>\n            <input type=\"hidden\" name=\"message2\">\n        <\/div>\n        <div class=\"form-group-file\">\n            <label class=\"form-file-label\" for=\"file\">Wybierz plik<\/label>\n            <input class=\"form-file-input\" type=\"file\" id=\"file\" name=\"file\" accept=\".pdf\">\n        <\/div>\n        <div class=\"form-group-agree\">\n            <label>\n                <input type=\"checkbox\" id=\"polityka_prywatnosci\" name=\"polityka_prywatnosci\" required>\n                Zapozna\u0142em si\u0119 i akceptuje <a href=\"\" target=\"_blank\">Polityk\u0119 Prywatno\u015bci<\/a>\n            <\/label>\n        <\/div>\n        <div class=\"form-group-btn\">\n            <button type=\"submit\" class=\"submit-btn\"><img decoding=\"async\" src=\"https:\/\/mirmar.waw.pl\/wp-content\/themes\/astra-child\/img\/form-btn.png\" \/>WY\u015aLIJ<\/button>\n        <\/div>\n\n    <\/form>\n<\/div><\/div>\n<\/div>\n<\/div><\/div>\n\n\n\n<div class=\"wp-block-uagb-container uagb-block-baf93376 alignfull uagb-is-root-container\"><div class=\"uagb-container-inner-blocks-wrap\">\n<div id=\"categories\" class=\"wp-block-uagb-container uagb-block-7e303b87 alignfull uagb-is-root-container\"><div class=\"uagb-container-inner-blocks-wrap\">\n<div class=\"wp-block-uagb-advanced-heading uagb-block-74af2322 uag-blocks-common-selector\" style=\"--z-index-desktop:3;;--z-index-tablet:undefined;;--z-index-mobile:undefined;\"><h2 class=\"uagb-heading-text\">Kategorie produkt\u00f3w<\/h2><\/div>\n\n\n    <div class=\"category-grid\">\n                        <a class=\"category-link\" href=\"https:\/\/mirmar.waw.pl\/produkty\/?type=koszulki\">\n                    <div class=\"category-wrap\">\n                                                    <img decoding=\"async\" class=\"category-image\" src=\"https:\/\/mirmar.waw.pl\/wp-content\/uploads\/2023\/10\/koszulki.svg\" alt=\"Koszulki\">\n                                                <h4 class=\"category-title\">Koszulki<\/h4>\n\n                    <\/div>\n                <\/a>\n                        <a class=\"category-link\" href=\"https:\/\/mirmar.waw.pl\/produkty\/?type=polo\">\n                    <div class=\"category-wrap\">\n                                                    <img decoding=\"async\" class=\"category-image\" src=\"https:\/\/mirmar.waw.pl\/wp-content\/uploads\/2023\/10\/polo.svg\" alt=\"Polo\">\n                                                <h4 class=\"category-title\">Polo<\/h4>\n\n                    <\/div>\n                <\/a>\n                        <a class=\"category-link\" href=\"https:\/\/mirmar.waw.pl\/produkty\/?type=3_bluzy\">\n                    <div class=\"category-wrap\">\n                                                    <img decoding=\"async\" class=\"category-image\" src=\"https:\/\/mirmar.waw.pl\/wp-content\/uploads\/2023\/10\/bluza.svg\" alt=\"Bluzy\">\n                                                <h4 class=\"category-title\">Bluzy<\/h4>\n\n                    <\/div>\n                <\/a>\n                        <a class=\"category-link\" href=\"https:\/\/mirmar.waw.pl\/produkty\/?type=polary\">\n                    <div class=\"category-wrap\">\n                                                    <img decoding=\"async\" class=\"category-image\" src=\"https:\/\/mirmar.waw.pl\/wp-content\/uploads\/2023\/10\/polar.svg\" alt=\"Polary\">\n                                                <h4 class=\"category-title\">Polary<\/h4>\n\n                    <\/div>\n                <\/a>\n                        <a class=\"category-link\" href=\"https:\/\/mirmar.waw.pl\/produkty\/?type=5_koszule\">\n                    <div class=\"category-wrap\">\n                                                    <img decoding=\"async\" class=\"category-image\" src=\"https:\/\/mirmar.waw.pl\/wp-content\/uploads\/2023\/10\/koszule.svg\" alt=\"Koszule\">\n                                                <h4 class=\"category-title\">Koszule<\/h4>\n\n                    <\/div>\n                <\/a>\n                        <a class=\"category-link\" href=\"https:\/\/mirmar.waw.pl\/produkty\/?type=kurtki\">\n                    <div class=\"category-wrap\">\n                                                    <img decoding=\"async\" class=\"category-image\" src=\"https:\/\/mirmar.waw.pl\/wp-content\/uploads\/2023\/10\/kurtki.svg\" alt=\"Kurtki\">\n                                                <h4 class=\"category-title\">Kurtki<\/h4>\n\n                    <\/div>\n                <\/a>\n                        <a class=\"category-link\" href=\"https:\/\/mirmar.waw.pl\/produkty\/?type=7_czapki\">\n                    <div class=\"category-wrap\">\n                                                    <img decoding=\"async\" class=\"category-image\" src=\"https:\/\/mirmar.waw.pl\/wp-content\/uploads\/2023\/10\/czapki.svg\" alt=\"Czapki\">\n                                                <h4 class=\"category-title\">Czapki<\/h4>\n\n                    <\/div>\n                <\/a>\n                        <a class=\"category-link\" href=\"https:\/\/mirmar.waw.pl\/produkty\/?type=spodnie\">\n                    <div class=\"category-wrap\">\n                                                    <img decoding=\"async\" class=\"category-image\" src=\"https:\/\/mirmar.waw.pl\/wp-content\/uploads\/2023\/10\/spodnie.svg\" alt=\"Spodnie\">\n                                                <h4 class=\"category-title\">Spodnie<\/h4>\n\n                    <\/div>\n                <\/a>\n                        <a class=\"category-link\" href=\"https:\/\/mirmar.waw.pl\/produkty\/?type=torby\">\n                    <div class=\"category-wrap\">\n                                                    <img decoding=\"async\" class=\"category-image\" src=\"https:\/\/mirmar.waw.pl\/wp-content\/uploads\/2023\/10\/torby.svg\" alt=\"Torby\">\n                                                <h4 class=\"category-title\">Torby<\/h4>\n\n                    <\/div>\n                <\/a>\n                        <a class=\"category-link\" href=\"https:\/\/mirmar.waw.pl\/produkty\/?type=reczniki\">\n                    <div class=\"category-wrap\">\n                                                    <img decoding=\"async\" class=\"category-image\" src=\"https:\/\/mirmar.waw.pl\/wp-content\/uploads\/2023\/10\/recznik.svg\" alt=\"R\u0119czniki\">\n                                                <h4 class=\"category-title\">R\u0119czniki<\/h4>\n\n                    <\/div>\n                <\/a>\n                        <a class=\"category-link\" href=\"https:\/\/mirmar.waw.pl\/produkty\/?type=odziez-robocza\">\n                    <div class=\"category-wrap\">\n                                                    <img decoding=\"async\" class=\"category-image\" src=\"https:\/\/mirmar.waw.pl\/wp-content\/uploads\/2023\/10\/robocza.svg\" alt=\"Odzie\u017c robocza\">\n                                                <h4 class=\"category-title\">Odzie\u017c robocza<\/h4>\n\n                    <\/div>\n                <\/a>\n                        <a class=\"category-link\" href=\"https:\/\/mirmar.waw.pl\/produkty\/?type=odziez-dziecieca\">\n                    <div class=\"category-wrap\">\n                                                    <img decoding=\"async\" class=\"category-image\" src=\"https:\/\/mirmar.waw.pl\/wp-content\/uploads\/2023\/10\/dziecieca.svg\" alt=\"Odzie\u017c dzieci\u0119ca\">\n                                                <h4 class=\"category-title\">Odzie\u017c dzieci\u0119ca<\/h4>\n\n                    <\/div>\n                <\/a>\n            <\/div>\n<\/div><\/div>\n<\/div><\/div>\n","protected":false},"excerpt":{"rendered":"<p>Wycena Jak sk\u0142ada\u0107 zam\u00f3wienie? Aby usprawni\u0107 realizacje zam\u00f3wienia, nale\u017cy dostarczy\u0107 nast\u0119puj\u0105ce dane: Imi\u0119, nazwisko i\/lub firma E-mail Rodzaj zam\u00f3wienia znakowanie tekstyli\u00f3w w firmie Mirmar zam\u00f3wienie transfer\u00f3w na u\u017cytek w\u0142asny Rodzaj tekstyli\u00f3w do oznaczenia (np. koszulka, torba, plecak) Kolor i rodzaj tkaniny Umiejscowienie nadruku Wielko\u015b\u0107 nadruku Nak\u0142ad Oczekiwany przez Ciebie termin realizacji zam\u00f3wienia Dodatkowe uwagi Opr\u00f3cz &hellip;<\/p>\n<p class=\"read-more\"> <a class=\"\" href=\"https:\/\/mirmar.waw.pl\/wycena\/\"> <span class=\"screen-reader-text\">Wycena<\/span> Weiterlesen &raquo;<\/a><\/p>\n","protected":false},"author":1,"featured_media":0,"parent":0,"menu_order":0,"comment_status":"closed","ping_status":"closed","template":"","meta":{"inline_featured_image":false,"_uag_custom_page_level_css":"","site-sidebar-layout":"default","site-content-layout":"","ast-site-content-layout":"","site-content-style":"default","site-sidebar-style":"default","ast-global-header-display":"","ast-banner-title-visibility":"","ast-main-header-display":"","ast-hfb-above-header-display":"","ast-hfb-below-header-display":"","ast-hfb-mobile-header-display":"","site-post-title":"disabled","ast-breadcrumbs-content":"","ast-featured-img":"","footer-sml-layout":"","theme-transparent-header-meta":"","adv-header-id-meta":"","stick-header-meta":"","header-above-stick-meta":"","header-main-stick-meta":"","header-below-stick-meta":"","astra-migrate-meta-layouts":"","footnotes":""},"kategorie":[],"class_list":["post-20","page","type-page","status-publish","hentry"],"acf":{"producent":"","kod_produktu":"","opis_produktu":"","zdjecie_produktu":{"id":"","colorCode":false},"galeria":"","gramatura":"","material":"","plec":"","znakowanie":"","kolory":null,"warianty":null},"featured_image_urls":{"full":"","thumbnail":"","medium":"","medium_large":"","large":"","1536x1536":"","2048x2048":""},"post_excerpt_stackable":"<p>Wycena Jak sk\u0142ada\u0107 zam\u00f3wienie? Aby usprawni\u0107 realizacje zam\u00f3wienia, nale\u017cy dostarczy\u0107 nast\u0119puj\u0105ce dane: Imi\u0119, nazwisko i\/lub firma E-mail Rodzaj zam\u00f3wienia znakowanie tekstyli\u00f3w w firmie Mirmar zam\u00f3wienie transfer\u00f3w na u\u017cytek w\u0142asny Rodzaj tekstyli\u00f3w do oznaczenia (np. koszulka, torba, plecak) Kolor i rodzaj tkaniny Umiejscowienie nadruku Wielko\u015b\u0107 nadruku Nak\u0142ad Oczekiwany przez Ciebie termin realizacji zam\u00f3wienia Dodatkowe uwagi Opr\u00f3cz powy\u017cszych danych prosimy o przes\u0142anie pliku graficznego w&nbsp;skali&nbsp;1:1: Plik wektorowy w formacie Corel Draw \u2013 wersja do X8 lub w innym importuj\u0105cym si\u0119 pliku np. Ai, PDF, EPS kolory okre\u015blone w skali Pantone, czcionki zmienione na krzywe. Plik bitmapowy (zdj\u0119cia) najlepiej przes\u0142a\u0107 w formacie TIFF&hellip;<\/p>\n","category_list":"","author_info":{"name":"admin","url":"https:\/\/mirmar.waw.pl\/author\/admin\/"},"comments_num":"0 comments","uagb_featured_image_src":{"full":false,"thumbnail":false,"medium":false,"medium_large":false,"large":false,"1536x1536":false,"2048x2048":false},"uagb_author_info":{"display_name":"admin","author_link":"https:\/\/mirmar.waw.pl\/author\/admin\/"},"uagb_comment_info":0,"uagb_excerpt":"Wycena Jak sk\u0142ada\u0107 zam\u00f3wienie? Aby usprawni\u0107 realizacje zam\u00f3wienia, nale\u017cy dostarczy\u0107 nast\u0119puj\u0105ce dane: Imi\u0119, nazwisko i\/lub firma E-mail Rodzaj zam\u00f3wienia znakowanie tekstyli\u00f3w w firmie Mirmar zam\u00f3wienie transfer\u00f3w na u\u017cytek w\u0142asny Rodzaj tekstyli\u00f3w do oznaczenia (np. koszulka, torba, plecak) Kolor i rodzaj tkaniny Umiejscowienie nadruku Wielko\u015b\u0107 nadruku Nak\u0142ad Oczekiwany przez Ciebie termin realizacji zam\u00f3wienia Dodatkowe uwagi Opr\u00f3cz&hellip;","_links":{"self":[{"href":"https:\/\/mirmar.waw.pl\/wp-json\/wp\/v2\/pages\/20","targetHints":{"allow":["GET"]}}],"collection":[{"href":"https:\/\/mirmar.waw.pl\/wp-json\/wp\/v2\/pages"}],"about":[{"href":"https:\/\/mirmar.waw.pl\/wp-json\/wp\/v2\/types\/page"}],"author":[{"embeddable":true,"href":"https:\/\/mirmar.waw.pl\/wp-json\/wp\/v2\/users\/1"}],"replies":[{"embeddable":true,"href":"https:\/\/mirmar.waw.pl\/wp-json\/wp\/v2\/comments?post=20"}],"version-history":[{"count":20,"href":"https:\/\/mirmar.waw.pl\/wp-json\/wp\/v2\/pages\/20\/revisions"}],"predecessor-version":[{"id":11809,"href":"https:\/\/mirmar.waw.pl\/wp-json\/wp\/v2\/pages\/20\/revisions\/11809"}],"wp:attachment":[{"href":"https:\/\/mirmar.waw.pl\/wp-json\/wp\/v2\/media?parent=20"}],"wp:term":[{"taxonomy":"kategorie","embeddable":true,"href":"https:\/\/mirmar.waw.pl\/wp-json\/wp\/v2\/kategorie?post=20"}],"curies":[{"name":"wp","href":"https:\/\/api.w.org\/{rel}","templated":true}]}}