{"id":18,"date":"2023-08-24T04:49:37","date_gmt":"2023-08-24T04:49:37","guid":{"rendered":"https:\/\/mirmar.waw.pl\/?page_id=18"},"modified":"2023-11-16T10:07:49","modified_gmt":"2023-11-16T10:07:49","slug":"zdobienia","status":"publish","type":"page","link":"https:\/\/mirmar.waw.pl\/zdobienia\/","title":{"rendered":"Zdobienia"},"content":{"rendered":"\n<div id=\"page-banner\" class=\"wp-block-uagb-container uagb-block-8ac58d7c alignfull uagb-is-root-container\"><div class=\"uagb-container-inner-blocks-wrap\">\n<div class=\"wp-block-uagb-advanced-heading uagb-block-46f1336e\"><h2 class=\"uagb-heading-text\">Zdobienia<\/h2><\/div>\n<\/div><\/div>\n\n\n\n<div class=\"wp-block-uagb-container uagb-block-21f2dfe9 alignfull uagb-is-root-container\"><div class=\"uagb-container-inner-blocks-wrap\">\n<div class=\"wp-block-uagb-container uagb-block-28b17457 default uagb-is-root-container\">\n<div class=\"wp-block-uagb-container uagb-block-bfd208ed\">\n<div class=\"wp-block-uagb-advanced-heading uagb-block-0a5d9e85\"><h2 class=\"uagb-heading-text\"><a href=\"\/sitodruk\"><\/a><a href=\"#sitodruk\" data-type=\"internal\" data-id=\"#sitodruk\">Sitodruk<\/a><\/h2><\/div>\n<\/div>\n\n\n\n<div class=\"wp-block-uagb-container uagb-block-a41605b9\">\n<div class=\"wp-block-uagb-advanced-heading uagb-block-daf28159\"><h2 class=\"uagb-heading-text\"><a href=\"#haft-komputerowy\" data-type=\"internal\" data-id=\"#haft-komputerowy\">Haft komputerowy<\/a><\/h2><\/div>\n<\/div>\n\n\n\n<div class=\"wp-block-uagb-container uagb-block-e222eed0\">\n<div class=\"wp-block-uagb-advanced-heading uagb-block-5ffd87b3\"><h2 class=\"uagb-heading-text\"><a href=\"#druk-dtf\">DRUK DTF<\/a><\/h2><\/div>\n<\/div>\n\n\n\n<div class=\"wp-block-uagb-container uagb-block-cb02f1fe\">\n<div class=\"wp-block-uagb-advanced-heading uagb-block-e7d6f8bc\"><h2 class=\"uagb-heading-text\"><a href=\"#termotransfer-plastizolowy\" data-type=\"internal\" data-id=\"#termotransfer-plastizolowy\">Termotransfer plastizolowy<\/a><\/h2><\/div>\n<\/div>\n\n\n\n<div class=\"wp-block-uagb-container uagb-block-5c87e099\">\n<div class=\"wp-block-uagb-advanced-heading uagb-block-6a4faa8f\"><h2 class=\"uagb-heading-text\"><a href=\"#flock-i-flex\" data-type=\"internal\" data-id=\"#flock-i-flex\">FLOCK I FLEX<\/a><\/h2><\/div>\n<\/div>\n\n\n\n<div class=\"wp-block-uagb-container uagb-block-06754cef\">\n<div class=\"wp-block-uagb-advanced-heading uagb-block-3b839591\"><h2 class=\"uagb-heading-text\"><a href=\"#cyrkonie-hot-fix\" data-type=\"internal\" data-id=\"#cyrkonie-hot-fix\">Cyrkonie HOT FIX<\/a><\/h2><\/div>\n<\/div>\n<\/div>\n\n\n\n<div class=\"wp-block-uagb-container uagb-block-a1a06972\">\n<div class=\"wp-block-uagb-container uagb-block-d44a4fc8\">\n<div id=\"sitodruk\" class=\"wp-block-uagb-container uagb-block-2f1b4f95\">\n<div class=\"wp-block-uagb-container container-custom uagb-block-3314af7d\">\n<div class=\"wp-block-uagb-image uagb-block-d61ce3c0 wp-block-uagb-image--layout-default wp-block-uagb-image--effect-zoomin wp-block-uagb-image--align-none\"><figure class=\"wp-block-uagb-image__figure\"><img decoding=\"async\" srcset=\"https:\/\/mirmar.waw.pl\/wp-content\/uploads\/2023\/10\/sitodruk_1-1024x681.webp ,https:\/\/mirmar.waw.pl\/wp-content\/uploads\/2023\/08\/84ad976d343465731b69e91e82923329-2.png 780w, https:\/\/mirmar.waw.pl\/wp-content\/uploads\/2023\/08\/84ad976d343465731b69e91e82923329-2.png 360w\" sizes=\"auto, (max-width: 480px) 150px\" src=\"https:\/\/mirmar.waw.pl\/wp-content\/uploads\/2023\/10\/sitodruk_1-1024x681.webp\" alt=\"sitodruk\" class=\"uag-image-4431\" width=\"365\" height=\"445\" title=\"\" loading=\"lazy\"\/><\/figure><\/div>\n<\/div>\n\n\n\n<div class=\"wp-block-uagb-container uagb-block-e663b839\">\n<div class=\"wp-block-uagb-advanced-heading uagb-block-6dcd5de2\"><h2 class=\"uagb-heading-text\">Sitodruk<\/h2><\/div>\n\n\n\n<div class=\"wp-block-uagb-advanced-heading uagb-block-adf5c1ed\"><p class=\"uagb-heading-text\">Jest jedn\u0105 z najstarszych, trwa\u0142ych i wysoko wydajnych metod znakowania. Polega na drukowaniu za pomoc\u0105 specjalnych matryc tworzonych indywidualnie do ka\u017cdego wzoru. Sitodruk umo\u017cliwia druk na szerokiej gamie pod\u0142o\u017cy. Niezast\u0105piony przy du\u017cych nak\u0142adach i wzorach. Nadruki cechuje wysoka trwa\u0142o\u015b\u0107 oraz niska cena w por\u00f3wnaniu z innymi technikami zdobie\u0144. Przy zastosowaniu specjalistycznych farb mo\u017cna uzyska\u0107 zadziwiaj\u0105ce efekty takie jak:nadruki odblaskowe, nadruki metaliczn\u0105 farb\u0105, nadruki luminescencyjne (\u015bwiec\u0105ce w ciemno\u015bciach), nadruki zmieniaj\u0105ce kolor, nadruki 3D \u2013 wypuk\u0142e, nadruki farb\u0105 puchn\u0105c\u0105.<\/p><\/div>\n\n\n\n<div class=\"wp-block-uagb-buttons uagb-buttons__outer-wrap uagb-btn__default-btn uagb-btn-tablet__default-btn uagb-btn-mobile__default-btn uagb-block-395383dc\"><div class=\"uagb-buttons__wrap uagb-buttons-layout-wrap\">\n<div class=\"wp-block-uagb-buttons-child uagb-buttons__outer-wrap uagb-block-b16e0a07 wp-block-button custom-button\"><div class=\"uagb-button__wrapper\"><a class=\"uagb-buttons-repeater wp-block-button__link\" href=\"#\" onclick=\"return false;\" rel=\"follow noopener\" target=\"_self\"><div class=\"uagb-button__link\">Dowiedz si\u0119 wi\u0119cej<\/div><\/a><\/div><\/div>\n<\/div><\/div>\n<\/div>\n<\/div>\n\n\n\n<div id=\"haft-komputerowy\" class=\"wp-block-uagb-container uagb-block-580bf0e9\">\n<div class=\"wp-block-uagb-container container-custom uagb-block-8f20eda7\">\n<div class=\"wp-block-uagb-image uagb-block-cabacab3 wp-block-uagb-image--layout-default wp-block-uagb-image--effect-zoomin wp-block-uagb-image--align-none\"><figure class=\"wp-block-uagb-image__figure\"><img decoding=\"async\" srcset=\"https:\/\/mirmar.waw.pl\/wp-content\/uploads\/2023\/10\/haft-komputerowy.jpg ,https:\/\/mirmar.waw.pl\/wp-content\/uploads\/2023\/08\/84ad976d343465731b69e91e82923329-2.png 780w, https:\/\/mirmar.waw.pl\/wp-content\/uploads\/2023\/08\/84ad976d343465731b69e91e82923329-2.png 360w\" sizes=\"auto, (max-width: 480px) 150px\" src=\"https:\/\/mirmar.waw.pl\/wp-content\/uploads\/2023\/10\/haft-komputerowy.jpg\" alt=\"haft-komputerowy\" class=\"uag-image-4432\" width=\"365\" height=\"445\" title=\"\" loading=\"lazy\"\/><\/figure><\/div>\n<\/div>\n\n\n\n<div class=\"wp-block-uagb-container uagb-block-42955d3d\">\n<div class=\"wp-block-uagb-advanced-heading uagb-block-b9b69fb4\"><h2 class=\"uagb-heading-text\">Haft komputerowy<\/h2><\/div>\n\n\n\n<div class=\"wp-block-uagb-advanced-heading uagb-block-76167881\"><p class=\"uagb-heading-text\">Haft jest jedn\u0105 z najstarszych technik zdobienia. Pocz\u0105tkowo haftowano r\u0119cznie, obecnie do wykonywania haft\u00f3w wykorzystuje si\u0119 nowoczesne, wielog\u0142owicowe hafciarki komputerowe dzi\u0119ki kt\u00f3rym mo\u017cliwe jest wykonywanie wielu haft\u00f3w jednocze\u015bnie skracaj\u0105c tym samym czas realizacji zam\u00f3wienia. G\u0142\u00f3wn\u0105 zalet\u0105 tej techniki jest elegancki wygl\u0105d oraz wysoka trwa\u0142o\u015b\u0107 naniesionych haft\u00f3w. Haft jest odporny na wielokrotne prania nawet w wysokiej temperaturze do 95 stopni, nici nie trac\u0105 koloru i po\u0142ysku.W przeciwie\u0144stwie do nadruk\u00f3w, haft idealnie sprawdzi si\u0119 w przypadku znakowania r\u0119cznik\u00f3w, szlafrok\u00f3w, polar\u00f3w, czapek czy swetr\u00f3w itp.<\/p><\/div>\n\n\n\n<div class=\"wp-block-uagb-buttons uagb-buttons__outer-wrap uagb-btn__default-btn uagb-btn-tablet__default-btn uagb-btn-mobile__default-btn uagb-block-77b9bbe1\"><div class=\"uagb-buttons__wrap uagb-buttons-layout-wrap\">\n<div class=\"wp-block-uagb-buttons-child uagb-buttons__outer-wrap uagb-block-4b5f8712 wp-block-button custom-button\"><div class=\"uagb-button__wrapper\"><a class=\"uagb-buttons-repeater wp-block-button__link\" href=\"#\" onclick=\"return false;\" rel=\"follow noopener\" target=\"_self\"><div class=\"uagb-button__link\">Dowiedz si\u0119 wi\u0119cej<\/div><\/a><\/div><\/div>\n<\/div><\/div>\n<\/div>\n<\/div>\n\n\n\n<div id=\"druk-dtf\" class=\"wp-block-uagb-container uagb-block-ab411e24\">\n<div class=\"wp-block-uagb-container container-custom uagb-block-f7b32c50\">\n<div class=\"wp-block-uagb-image uagb-block-a66597d1 wp-block-uagb-image--layout-default wp-block-uagb-image--effect-static wp-block-uagb-image--align-none\"><figure class=\"wp-block-uagb-image__figure\"><img decoding=\"async\" srcset=\"https:\/\/mirmar.waw.pl\/wp-content\/uploads\/2023\/11\/20231114_123934re.jpg ,https:\/\/mirmar.waw.pl\/wp-content\/uploads\/2023\/08\/84ad976d343465731b69e91e82923329-2.png 780w, https:\/\/mirmar.waw.pl\/wp-content\/uploads\/2023\/08\/84ad976d343465731b69e91e82923329-2.png 360w\" sizes=\"auto, (max-width: 480px) 150px\" src=\"https:\/\/mirmar.waw.pl\/wp-content\/uploads\/2023\/11\/20231114_123934re.jpg\" alt=\"\" class=\"uag-image-4579\" width=\"365\" height=\"445\" title=\"\" loading=\"lazy\"\/><\/figure><\/div>\n<\/div>\n\n\n\n<div class=\"wp-block-uagb-container uagb-block-e5af8b15\">\n<div class=\"wp-block-uagb-advanced-heading uagb-block-abf1761d\"><h2 class=\"uagb-heading-text\">DRUK DTF<\/h2><\/div>\n\n\n\n<div class=\"wp-block-uagb-advanced-heading uagb-block-383b480c\"><p class=\"uagb-heading-text\">DTF (direct to foil)&nbsp;to nowoczesna technika cyfrowego zdobienia odzie\u017cy polegaj\u0105ca na druku wzoru w kolorystyce CMYK na folii transferowej PET a nast\u0119pnie naniesieniu na wz\u00f3r kleju. Produkujemy nadruki do samodzielnego wgrzania na odzie\u017cy jak r\u00f3wnie\u017c wykonujemy nadruki bezpo\u015brednio na odzie\u017cy zakupionej w naszym sklepie oraz powierzonej.&nbsp;Zalet\u0105 nadruk\u00f3w DTF jest wysoka rozdzielczo\u015b\u0107 nadruku, elastyczno\u015b\u0107 oraz trwa\u0142o\u015b\u0107 w u\u017cytkowaniu.<\/p><\/div>\n\n\n\n<div class=\"wp-block-uagb-buttons uagb-buttons__outer-wrap uagb-btn__default-btn uagb-btn-tablet__default-btn uagb-btn-mobile__default-btn uagb-block-85ed4813\"><div class=\"uagb-buttons__wrap uagb-buttons-layout-wrap\">\n<div class=\"wp-block-uagb-buttons-child uagb-buttons__outer-wrap uagb-block-85aaaace wp-block-button\"><div class=\"uagb-button__wrapper\"><a class=\"uagb-buttons-repeater wp-block-button__link\" href=\"#\" onclick=\"return false;\" rel=\"follow noopener\" target=\"_self\"><div class=\"uagb-button__link\">Dowiedz si\u0119 wi\u0119cej<\/div><\/a><\/div><\/div>\n<\/div><\/div>\n<\/div>\n<\/div>\n\n\n\n<div id=\"termotransfer-plastizolowy\" class=\"wp-block-uagb-container uagb-block-52a8538f\">\n<div class=\"wp-block-uagb-container container-custom uagb-block-3f8dea01\">\n<div class=\"wp-block-uagb-image uagb-block-35a0fe47 wp-block-uagb-image--layout-default wp-block-uagb-image--effect-zoomin wp-block-uagb-image--align-none\"><figure class=\"wp-block-uagb-image__figure\"><img decoding=\"async\" srcset=\"https:\/\/mirmar.waw.pl\/wp-content\/uploads\/2023\/10\/sitodruk-scaled.webp ,https:\/\/mirmar.waw.pl\/wp-content\/uploads\/2023\/08\/84ad976d343465731b69e91e82923329-2.png 780w, https:\/\/mirmar.waw.pl\/wp-content\/uploads\/2023\/08\/84ad976d343465731b69e91e82923329-2.png 360w\" sizes=\"auto, (max-width: 480px) 150px\" src=\"https:\/\/mirmar.waw.pl\/wp-content\/uploads\/2023\/10\/sitodruk-scaled.webp\" alt=\"termotransfer-sitodrukowy\" class=\"uag-image-4434\" width=\"365\" height=\"445\" title=\"\" loading=\"lazy\"\/><\/figure><\/div>\n<\/div>\n\n\n\n<div class=\"wp-block-uagb-container uagb-block-fc472c4b\">\n<div class=\"wp-block-uagb-advanced-heading uagb-block-df5b18ab\"><h2 class=\"uagb-heading-text\">Termotransfer plastizolowy<\/h2><\/div>\n\n\n\n<div class=\"wp-block-uagb-advanced-heading uagb-block-a7a5716b\"><p class=\"uagb-heading-text\">To najbardziej uniwersalna i ekonomiczna technika zdobie\u0144. Polega na druku farbami&nbsp;plastizolowymi&nbsp;na papierze lub folii transferowej. Po utrwaleniu termicznym nadruk&nbsp;wgrzewany&nbsp;jest specjaln\u0105 pras\u0105 w wybrane pod\u0142o\u017ce. Transfer&nbsp;plastizolowy&nbsp;jest niezast\u0105piony przy wykonywaniu nadruk\u00f3w w miejscach niedost\u0119pnych dla druku bezpo\u015bredniego (czapki, plecaki). Dzi\u0119ki niskiej temperaturze&nbsp;wgrzewania&nbsp;120\u00b0C-150\u00b0C, technik\u0119 t\u0119 mo\u017cna stosowa\u0107 nawet przy materia\u0142ach \u0142atwo topliwych np. non&nbsp;woven&nbsp;i niekt\u00f3rych PCV. Nadruki cechuje bardzo dok\u0142adne odwzorowanie szczeg\u00f3\u0142\u00f3w, g\u0142adko\u015b\u0107 oraz trwa\u0142o\u015b\u0107. Niew\u0105tpliw\u0105 zalet\u0105 tej techniki jest mo\u017cliwo\u015b\u0107 wyprodukowania transfer\u00f3w na zapas oraz szerokie spektrum zastosowa\u0144 na takich pod\u0142o\u017cach jak: bawe\u0142na, len, jedwab, we\u0142na, poliester, nylon, PCV drewno itp.<\/p><\/div>\n\n\n\n<div class=\"wp-block-uagb-buttons uagb-buttons__outer-wrap uagb-btn__default-btn uagb-btn-tablet__default-btn uagb-btn-mobile__default-btn uagb-block-01dc5ea9\"><div class=\"uagb-buttons__wrap uagb-buttons-layout-wrap\">\n<div class=\"wp-block-uagb-buttons-child uagb-buttons__outer-wrap uagb-block-282ca830 wp-block-button\"><div class=\"uagb-button__wrapper\"><a class=\"uagb-buttons-repeater wp-block-button__link\" href=\"#\" onclick=\"return false;\" rel=\"follow noopener\" target=\"_self\"><div class=\"uagb-button__link\">Dowiedz si\u0119 wi\u0119cej<\/div><\/a><\/div><\/div>\n<\/div><\/div>\n<\/div>\n<\/div>\n\n\n\n<div id=\"flock-i-flex\" class=\"wp-block-uagb-container uagb-block-5e86c485\">\n<div class=\"wp-block-uagb-container container-custom uagb-block-2bc1f10f\">\n<div class=\"wp-block-uagb-image uagb-block-e8bf9e1f wp-block-uagb-image--layout-default wp-block-uagb-image--effect-zoomin wp-block-uagb-image--align-none\"><figure class=\"wp-block-uagb-image__figure\"><img decoding=\"async\" srcset=\"https:\/\/mirmar.waw.pl\/wp-content\/uploads\/2023\/11\/flex-flock.png ,https:\/\/mirmar.waw.pl\/wp-content\/uploads\/2023\/08\/84ad976d343465731b69e91e82923329-2.png 780w, https:\/\/mirmar.waw.pl\/wp-content\/uploads\/2023\/08\/84ad976d343465731b69e91e82923329-2.png 360w\" sizes=\"auto, (max-width: 480px) 150px\" src=\"https:\/\/mirmar.waw.pl\/wp-content\/uploads\/2023\/11\/flex-flock.png\" alt=\"\" class=\"uag-image-4577\" width=\"365\" height=\"445\" title=\"\" loading=\"lazy\"\/><\/figure><\/div>\n<\/div>\n\n\n\n<div class=\"wp-block-uagb-container uagb-block-1e115dc7\">\n<div class=\"wp-block-uagb-advanced-heading uagb-block-7e6fce5f\"><h2 class=\"uagb-heading-text\">FLOCK I FLEX<\/h2><\/div>\n\n\n\n<div class=\"wp-block-uagb-advanced-heading uagb-block-b8c127a4\"><p class=\"uagb-heading-text\">Folie flex i flock wyst\u0119puj\u0105 w szerokiej gamie kolorystycznej i r\u00f3\u017cnorodnych wzorach. Dzi\u0119ki ich zastosowaniu mo\u017cemy uzyska\u0107 ciekawy efekt zdobienia taki jak nadruk brokatowy, lustrzany, metaliczny, holograficzny i wiele innych. Folie flex\/flock s\u0105 stosowane przewa\u017cnie przy mniejszych nak\u0142adach, dzi\u0119ki czemu cena jednostkowa nadruku jest atrakcyjna w stosunku do innych technik. Projekt przygotowany w formie wektorowej wycinany jest w odbiciu lustrzanym na ploterze tn\u0105cym, a nast\u0119pnie nanoszony na odzie\u017c za pomoc\u0105 prasy termicznej. Zdobienie foli\u0105 flex\/flock mo\u017cna \u0142\u0105czy\u0107 z innymi technikami nadruku w celu uzyskania ciekawego efektu.<\/p><\/div>\n\n\n\n<div class=\"wp-block-uagb-buttons uagb-buttons__outer-wrap uagb-btn__default-btn uagb-btn-tablet__default-btn uagb-btn-mobile__default-btn uagb-block-ec019bdd\"><div class=\"uagb-buttons__wrap uagb-buttons-layout-wrap\">\n<div class=\"wp-block-uagb-buttons-child uagb-buttons__outer-wrap uagb-block-26f3dd15 wp-block-button\"><div class=\"uagb-button__wrapper\"><a class=\"uagb-buttons-repeater wp-block-button__link\" href=\"#\" onclick=\"return false;\" rel=\"follow noopener\" target=\"_self\"><div class=\"uagb-button__link\">Dowiedz si\u0119 wi\u0119cej<\/div><\/a><\/div><\/div>\n<\/div><\/div>\n<\/div>\n<\/div>\n\n\n\n<div id=\"cyrkonie-hot-fix\" class=\"wp-block-uagb-container uagb-block-2d8cf1aa\">\n<div class=\"wp-block-uagb-container container-custom uagb-block-6cd44723\">\n<div class=\"wp-block-uagb-image uagb-block-97b62ff0 wp-block-uagb-image--layout-default wp-block-uagb-image--effect-zoomin wp-block-uagb-image--align-none\"><figure class=\"wp-block-uagb-image__figure\"><img decoding=\"async\" srcset=\"https:\/\/mirmar.waw.pl\/wp-content\/uploads\/2023\/10\/cyrkonie-683x1024.webp ,https:\/\/mirmar.waw.pl\/wp-content\/uploads\/2023\/08\/84ad976d343465731b69e91e82923329-2.png 780w, https:\/\/mirmar.waw.pl\/wp-content\/uploads\/2023\/08\/84ad976d343465731b69e91e82923329-2.png 360w\" sizes=\"auto, (max-width: 480px) 150px\" src=\"https:\/\/mirmar.waw.pl\/wp-content\/uploads\/2023\/10\/cyrkonie-683x1024.webp\" alt=\"cyrkonie\" class=\"uag-image-4435\" width=\"365\" height=\"445\" title=\"\" loading=\"lazy\"\/><\/figure><\/div>\n<\/div>\n\n\n\n<div class=\"wp-block-uagb-container uagb-block-76d8a6a6\">\n<div class=\"wp-block-uagb-advanced-heading uagb-block-32c52772\"><h2 class=\"uagb-heading-text\">Cyrkonie HOT FIX<\/h2><\/div>\n\n\n\n<div class=\"wp-block-uagb-advanced-heading uagb-block-c910e37b\"><p class=\"uagb-heading-text\">Technika polegaj\u0105ca na tworzeniu wzor\u00f3w i napis\u00f3w z cyrkonii w rozmiarze od 2 do 5 mm. Cyrkonie uk\u0142adane s\u0105 zgodnie z zaprojektowanym wzorem na folii transportowej a nast\u0119pnie wygrzewane za pomoc\u0105 prasy termicznej na odzie\u017c.&nbsp; Technika ta pozwala na uzyskanie bogatych, mieni\u0105cych si\u0119 zdobie\u0144.&nbsp;<\/p><\/div>\n\n\n\n<div class=\"wp-block-uagb-buttons uagb-buttons__outer-wrap uagb-btn__default-btn uagb-btn-tablet__default-btn uagb-btn-mobile__default-btn uagb-block-206eb293\"><div class=\"uagb-buttons__wrap uagb-buttons-layout-wrap\">\n<div class=\"wp-block-uagb-buttons-child uagb-buttons__outer-wrap uagb-block-0d9c42ee wp-block-button\"><div class=\"uagb-button__wrapper\"><a class=\"uagb-buttons-repeater wp-block-button__link\" href=\"#\" onclick=\"return false;\" rel=\"follow noopener\" target=\"_self\"><div class=\"uagb-button__link\">Dowiedz si\u0119 wi\u0119cej<\/div><\/a><\/div><\/div>\n<\/div><\/div>\n<\/div>\n<\/div>\n<\/div>\n<\/div>\n<\/div><\/div>\n","protected":false},"excerpt":{"rendered":"<p>Zdobienia Sitodruk Haft komputerowy DRUK DTF Termotransfer plastizolowy FLOCK I FLEX Cyrkonie HOT FIX Sitodruk Jest jedn\u0105 z najstarszych, trwa\u0142ych i wysoko wydajnych metod znakowania. Polega na drukowaniu za pomoc\u0105 specjalnych matryc tworzonych indywidualnie do ka\u017cdego wzoru. Sitodruk umo\u017cliwia druk na szerokiej gamie pod\u0142o\u017cy. Niezast\u0105piony przy du\u017cych nak\u0142adach i wzorach. Nadruki cechuje wysoka trwa\u0142o\u015b\u0107 oraz &hellip;<\/p>\n<p class=\"read-more\"> <a class=\"\" href=\"https:\/\/mirmar.waw.pl\/zdobienia\/\"> <span class=\"screen-reader-text\">Zdobienia<\/span> Weiterlesen &raquo;<\/a><\/p>\n","protected":false},"author":1,"featured_media":0,"parent":0,"menu_order":0,"comment_status":"closed","ping_status":"closed","template":"","meta":{"inline_featured_image":false,"_uag_custom_page_level_css":"","site-sidebar-layout":"default","site-content-layout":"","ast-site-content-layout":"","site-content-style":"default","site-sidebar-style":"default","ast-global-header-display":"","ast-banner-title-visibility":"","ast-main-header-display":"","ast-hfb-above-header-display":"","ast-hfb-below-header-display":"","ast-hfb-mobile-header-display":"","site-post-title":"disabled","ast-breadcrumbs-content":"","ast-featured-img":"","footer-sml-layout":"","theme-transparent-header-meta":"","adv-header-id-meta":"","stick-header-meta":"","header-above-stick-meta":"","header-main-stick-meta":"","header-below-stick-meta":"","astra-migrate-meta-layouts":"","footnotes":""},"kategorie":[],"class_list":["post-18","page","type-page","status-publish","hentry"],"acf":{"producent":"","kod_produktu":"","opis_produktu":"","zdjecie_produktu":{"id":"","colorCode":false},"galeria":"","gramatura":"","material":"","plec":"","znakowanie":"","kolory":null,"warianty":null},"featured_image_urls":{"full":"","thumbnail":"","medium":"","medium_large":"","large":"","1536x1536":"","2048x2048":""},"post_excerpt_stackable":"<p>Zdobienia Sitodruk Haft komputerowy DRUK DTF Termotransfer plastizolowy FLOCK I FLEX Cyrkonie HOT FIX Sitodruk Jest jedn\u0105 z najstarszych, trwa\u0142ych i wysoko wydajnych metod znakowania. Polega na drukowaniu za pomoc\u0105 specjalnych matryc tworzonych indywidualnie do ka\u017cdego wzoru. Sitodruk umo\u017cliwia druk na szerokiej gamie pod\u0142o\u017cy. Niezast\u0105piony przy du\u017cych nak\u0142adach i wzorach. Nadruki cechuje wysoka trwa\u0142o\u015b\u0107 oraz niska cena w por\u00f3wnaniu z innymi technikami zdobie\u0144. Przy zastosowaniu specjalistycznych farb mo\u017cna uzyska\u0107 zadziwiaj\u0105ce efekty takie jak:nadruki odblaskowe, nadruki metaliczn\u0105 farb\u0105, nadruki luminescencyjne (\u015bwiec\u0105ce w ciemno\u015bciach), nadruki zmieniaj\u0105ce kolor, nadruki 3D \u2013 wypuk\u0142e, nadruki farb\u0105 puchn\u0105c\u0105. Dowiedz si\u0119 wi\u0119cej Haft komputerowy Haft jest jedn\u0105&hellip;<\/p>\n","category_list":"","author_info":{"name":"admin","url":"https:\/\/mirmar.waw.pl\/author\/admin\/"},"comments_num":"0 comments","uagb_featured_image_src":{"full":false,"thumbnail":false,"medium":false,"medium_large":false,"large":false,"1536x1536":false,"2048x2048":false},"uagb_author_info":{"display_name":"admin","author_link":"https:\/\/mirmar.waw.pl\/author\/admin\/"},"uagb_comment_info":0,"uagb_excerpt":"Zdobienia Sitodruk Haft komputerowy DRUK DTF Termotransfer plastizolowy FLOCK I FLEX Cyrkonie HOT FIX Sitodruk Jest jedn\u0105 z najstarszych, trwa\u0142ych i wysoko wydajnych metod znakowania. Polega na drukowaniu za pomoc\u0105 specjalnych matryc tworzonych indywidualnie do ka\u017cdego wzoru. Sitodruk umo\u017cliwia druk na szerokiej gamie pod\u0142o\u017cy. Niezast\u0105piony przy du\u017cych nak\u0142adach i wzorach. Nadruki cechuje wysoka trwa\u0142o\u015b\u0107 oraz&hellip;","_links":{"self":[{"href":"https:\/\/mirmar.waw.pl\/wp-json\/wp\/v2\/pages\/18","targetHints":{"allow":["GET"]}}],"collection":[{"href":"https:\/\/mirmar.waw.pl\/wp-json\/wp\/v2\/pages"}],"about":[{"href":"https:\/\/mirmar.waw.pl\/wp-json\/wp\/v2\/types\/page"}],"author":[{"embeddable":true,"href":"https:\/\/mirmar.waw.pl\/wp-json\/wp\/v2\/users\/1"}],"replies":[{"embeddable":true,"href":"https:\/\/mirmar.waw.pl\/wp-json\/wp\/v2\/comments?post=18"}],"version-history":[{"count":84,"href":"https:\/\/mirmar.waw.pl\/wp-json\/wp\/v2\/pages\/18\/revisions"}],"predecessor-version":[{"id":4581,"href":"https:\/\/mirmar.waw.pl\/wp-json\/wp\/v2\/pages\/18\/revisions\/4581"}],"wp:attachment":[{"href":"https:\/\/mirmar.waw.pl\/wp-json\/wp\/v2\/media?parent=18"}],"wp:term":[{"taxonomy":"kategorie","embeddable":true,"href":"https:\/\/mirmar.waw.pl\/wp-json\/wp\/v2\/kategorie?post=18"}],"curies":[{"name":"wp","href":"https:\/\/api.w.org\/{rel}","templated":true}]}}